{"id":665,"date":"2019-04-01T23:52:55","date_gmt":"2019-04-01T21:52:55","guid":{"rendered":"http:\/\/onefive.cz\/peak-design\/capture-camera-clip\/"},"modified":"2026-04-17T07:36:25","modified_gmt":"2026-04-17T05:36:25","slug":"capture","status":"publish","type":"product","link":"https:\/\/www.onefive.cz\/peakdesign\/produkt\/capture\/","title":{"rendered":"Capture"},"content":{"rendered":"<div class='content-column one_half'><h2>Hlavn\u00ed rysy<\/h2>\n<p><img decoding=\"async\" class=\"alignnone size-full\" src=\"https:\/\/www.peakdesign.cz\/wp-content\/uploads\/2017\/12\/capturepro.jpg\" alt=\"leash\" width=\"450\" \/><\/p>\n<p><b>FOTOAPAR\u00c1T V\u017dDY PO RUCE<\/b><br \/>\nNa to, abyste ho nosili v ta\u0161ce, st\u00e1l v\u00e1\u0161 fotoapar\u00e1t dost pen\u011bz. Pou\u017e\u00edvejte ho! S Capture m\u016f\u017eete fotoapar\u00e1t nosit bezpe\u010dn\u011b a pohodln\u011b kdykoliv, kdekoliv a v\u017edy k n\u011bmu m\u00edt pohotov\u00fd p\u0159\u00edstup. Pod\u00edvejte se na <a href=\"https:\/\/www.peakdesign.cz\/capture-v3-tipy-vlastnosti-a-funkce\/\">instrukt\u00e1\u017en\u00ed video<\/a> s popisem v\u0161ech funkc\u00ed a tipy pro pou\u017eit\u00ed.<\/p>\n<ul style=\"padding-left: 15px; padding-bottom: 15px;\">\n<li><b>Pro jak\u00fdkoliv fotoapar\u00e1t<\/b> Funguje skv\u011ble s profesion\u00e1ln\u00ed digit\u00e1ln\u00ed zrcadlovkou, bezzrcadlovkou i kompaktn\u00edm fotoapar\u00e1tem. S Capture m\u016f\u017eete nosit libovolnou kombinaci fotoapar\u00e1tu\/objektivy\/p\u0159\u00edslu\u0161enstv\u00ed.<\/li>\n<li><b>Jak\u00fdkoliv opasek nebo popruh<\/b> Opasek, popruhy batohu, ramenn\u00ed p\u00e1s, bedern\u00ed p\u00e1s atd. Capture lze pou\u017e\u00edt na popruhy do \u0161\u00ed\u0159ky 6.4cm (\u0161ir\u0161\u00ed popruhy lze zm\u00e1\u010dknout) a tlou\u0161\u0165ky 2.2cm.<\/li>\n<li><strong>I pro dal\u0161\u00ed v\u00fdbavu<\/strong> Pomoc\u00ed <a href=\"https:\/\/www.onefive.cz\/peakdesign\/produkt\/lens-kit\/\">Lens Kit<\/a> m\u011b\u0148te rychle objektivy a s nov\u00fdm <a href=\"https:\/\/www.onefive.cz\/peakdesign\/produkt\/p-o-v-kit\/\">POV Kit<\/a> p\u0159ipevn\u011bte kamery GoPro.<\/li>\n<li><strong>Pohotov\u00fd p\u0159\u00edstup<\/strong> Fotoapar\u00e1t uvoln\u00edte jednodu\u0161e a rychle stiskem tla\u010d\u00edtka s pojistkou.<\/li>\n<li><strong>100% bezpe\u010d\u00ed<\/strong> Pojistka tla\u010d\u00edtka pro rychl\u00e9 uvoln\u011bn\u00ed zabr\u00e1n\u00ed necht\u011bn\u00e9mu uvoln\u011bn\u00ed nebo kr\u00e1de\u017ei.<\/li>\n<li><strong>Kompatibiln\u00ed se stativy<\/strong> Po vysunut\u00ed z dr\u017e\u00e1ku lze fotoapar\u00e1t pomoc\u00ed standardn\u00ed desti\u010dky Standard Plate (sou\u010d\u00e1st balen\u00ed) rovnou p\u0159ipevnit na stativ kompatibiln\u00ed se syst\u00e9mem ARCA. Pot\u0159ebujete kompatibilitu s Manfrotto\u00ae RC2? \u0158e\u0161en\u00edm je <a href=\"https:\/\/www.onefive.cz\/peakdesign\/produkt\/capture-bez-desticky\/\">Capture bez desti\u010dky<\/a> a <a href=\"https:\/\/www.onefive.cz\/peakdesign\/produkt\/dual-plate\/\">Dual Plate<\/a>.<\/li>\n<li><strong>Snadn\u00e1 v\u00fdm\u011bna objektiv\u016f<\/strong> Stativovou desti\u010dku lze do dr\u017e\u00e1ku zasunout v\u0161emi 4 sm\u011bry a tedy libovoln\u011b orientovat kameru - v\u00fdm\u011bna objektivu je tak velmi bezpe\u010dn\u00e1 a rychl\u00e1. Pro je\u0161t\u011b rychlej\u0161\u00ed v\u00fdm\u011bnu objektiv\u016f pou\u017eijte <a href=\"https:\/\/www.onefive.cz\/peakdesign\/produkt\/lens-kit\/\">Lens Kit<\/a><\/li>\n<li><strong>Odolnost proti po\u010das\u00ed a vod\u011b<\/strong> V\u0161echny komponenty jsou odoln\u00e9 proti po\u010das\u00ed a odolaj\u00ed slan\u00e9 vod\u011b a rzi.<\/li>\n<\/ul>\n<p><b>NOVINKY U VERZE V3<\/b><\/p>\n<ul style=\"padding-left: 15px; padding-bottom: 15px;\">\n<li><b>V\u00fdrazn\u011b men\u0161\u00ed<\/b> O 30% leh\u010d\u00ed, o 20% u\u017e\u0161\u00ed a o 20% ni\u017e\u0161\u00ed ne\u017e Capture v2.<\/li>\n<li><b>Celokovov\u00e1 konstrukce<\/b> Duralov\u00e9 t\u011blo, zadn\u00ed deska, uvol\u0148ovac\u00ed tla\u010d\u00edtko a \u010dep z nerezov\u00e9 oceli.<\/li>\n<li><b>Anodizovan\u00fd povrch<\/b> V\u011bt\u0161\u00ed odolnost a hladkost povrchu.<\/li>\n<li><b>Stabilita<\/b> D\u00edky protiskluzov\u00e9mu materi\u00e1lu na zadn\u00ed desce.<\/li>\n<li><b>2 sady \u0161roub\u016f<\/b> \u0160rouby pro uta\u017een\u00ed rukou pro jednoduch\u00e9 a rychl\u00e9 p\u0159ipevn\u011bn\u00ed, prodlou\u017een\u00e9 \u0161rouby pro uta\u017een\u00ed kl\u00ed\u010dem pro bezpe\u010dn\u011bj\u0161\u00ed a trvalej\u0161\u00ed p\u0159ipevn\u011bn\u00ed na tlust\u0161\u00ed popruhy.<\/li>\n<\/ul><\/div>\n<div class='content-column one_half last_column'><h2>Video<\/h2>\n<p style=\"padding-bottom: 15px;\"><iframe loading=\"lazy\" title=\"Peak Design Capture Camera Clip V3: Setup + Tips\" width=\"500\" height=\"281\" src=\"https:\/\/www.youtube.com\/embed\/C44nbgvXbiU?feature=oembed&enablejsapi=1&origin=https:\/\/www.onefive.cz\" frameborder=\"0\" allow=\"accelerometer; autoplay; clipboard-write; encrypted-media; gyroscope; picture-in-picture; web-share\" referrerpolicy=\"strict-origin-when-cross-origin\" allowfullscreen><\/iframe><\/p>\n<h2>Specifikace<\/h2>\n<ul style=\"padding-left: 15px; padding-bottom: 15px;\">\n<li><strong>Objednac\u00ed k\u00f3d<\/strong>: CP-BK-3 (Black) &amp; CP-S-3 (Silver)<\/li>\n<li><strong>Velikost dr\u017e\u00e1ku<\/strong>: 8.3cm x 4.0cm x 2.0cm<\/li>\n<li><strong>Velikost desti\u010dky<\/strong>: 3.8cm x 3.8cm x 0.7cm<\/li>\n<li><strong>Materi\u00e1l<\/strong>: CNC-obr\u00e1b\u011bn\u00fd dural, \u010dern\u00e9 nebo st\u0159\u00edbrn\u00e1 anodizace povrchu, podlo\u017eka z vst\u0159ikovan\u00e9ho PVC, \u017eelezn\u00e9 \u0161rouby s oxidovou povrchovou \u00fapravou (\u0161rouby s imbusem) a \u017eelezn\u00e9\/duralov\u00e9 \u0161rouby s anodizac\u00ed (\u0161rouby pro uta\u017een\u00ed rukou)<\/li>\n<li><strong>Hmotnost dr\u017e\u00e1ku<\/strong>: 70g - v\u010detn\u011b \u0161roub\u016f pro uta\u017een\u00ed rukou<\/li>\n<li><strong>Hmotnost desti\u010dky<\/strong>: 14g<\/li>\n<li><strong>Celkov\u00e1 hmotnost<\/strong>: 84g<\/li>\n<li><strong>Kompatibilita s popruhy<\/strong>: Lze p\u0159ipevnit na libovoln\u00fd popruh do \u0161\u00ed\u0159ky 6.4cm (\u0161ir\u0161\u00ed popruhy lze zm\u00e1\u010dknout) a tlou\u0161\u0165ky 1.5cm (se \u0161rouby pro uta\u017een\u00ed rukou) a 2.2cm (se \u0161rouby s imbusem).<\/li>\n<li><strong>Zp\u011btn\u00e1 kompatibilita<\/strong>: Lze pou\u017e\u00edt se v\u0161emi Peak Design desti\u010dkami krom\u011b DUALplate v1 (prodej ukon\u010den v 2014). Lze pou\u017e\u00edt s podlo\u017ekou Pro Pad v2, ne se star\u0161\u00ed verz\u00ed v1. V balen\u00ed obsa\u017een\u00e1 Standard Plate nen\u00ed kompatibiln\u00ed se star\u0161\u00edmi modely Capture (v1 a v2)<\/li>\n<li><strong>Nosnost<\/strong>: Nosnost dr\u017e\u00e1ku je v\u00edce ne\u017e 90kg, tak\u017ee je dostate\u010dn\u011b pevn\u00fd i pro nejt\u011b\u017e\u0161\u00ed kombinace profesion\u00e1ln\u00edch fotoapar\u00e1t\u016f\/objektiv\u016f b\u011bhem jak\u00e9koliv aktivity.<\/li>\n<li><strong>Z\u00e1ruka<\/strong>: Do\u017eivotn\u00ed<\/li>\n<\/ul>\n<h2>Obsah balen\u00ed<\/h2>\n<p><img decoding=\"async\" class=\"alignnone size-full\" src=\"https:\/\/www.peakdesign.cz\/wp-content\/uploads\/2017\/12\/in-box-capture-2017.jpg\" alt=\"\" width=\"450\" \/><\/p>\n<ul>\n<li>1. 1x Dr\u017e\u00e1k Capture<\/li>\n<li>2. 1x Desti\u010dka Standard Plate<\/li>\n<li>3. 2x \u0161rouby (uta\u017een\u00ed rukou), 2x prodlou\u017een\u00e9 \u0161rouby (uta\u017een\u00ed kl\u00ed\u010dem)<\/li>\n<li>4. 1x Kl\u00ed\u010d imbus 4mm<\/li>\n<li>5. 1x Pytl\u00edk z mikrovl\u00e1kna<\/li>\n<\/ul><\/div><div class='clear_column'><\/div>\n","protected":false},"excerpt":{"rendered":"<p>Zcela nov\u00fd Capture je nejbezpe\u010dn\u011bj\u0161\u00ed, nejpohodln\u011bj\u0161\u00ed a nejpohotov\u011bj\u0161\u00ed zp\u016fsob no\u0161en\u00ed fotoapar\u00e1tu. Na rozd\u00edl od popruhu je fotoapar\u00e1t pevn\u011b fixov\u00e1n b\u011bhem ch\u016fze, na kole, nebo p\u0159i pohybu ve studiu. Na rozd\u00edl od bra\u0161ny lze z Capture fotoapar\u00e1t rychle odpojit pouh\u00fdm stiskem tla\u010d\u00edtka. Capture sest\u00e1v\u00e1 ze dvou \u010d\u00e1st\u00ed - prvn\u00ed je kovov\u00fd dr\u017e\u00e1k, kter\u00fd se p\u0159ipev\u0148uje k libovoln\u00e9mu opasku, popruhu nebo batohu a druhou je se Arca-kompatibiln\u00ed stativov\u00e1 desti\u010dka, kter\u00e1 se p\u0159ipev\u0148uje ke spodku fotoapar\u00e1tu. Fotoapar\u00e1t se pak jednodu\u0161e zasune a zacvakne do dr\u017e\u00e1ku, kde pevn\u011b a bezpe\u010dn\u011b dr\u017e\u00ed. Stiskem tla\u010d\u00edtka s pojistkou se rychle vyjme. Nosnost dr\u017e\u00e1ku je v\u00edce ne\u017e 90kg, tak\u017ee je dostate\u010dn\u011b pevn\u00fd i pro nejt\u011b\u017e\u0161\u00ed kombinace profesion\u00e1ln\u00edch fotoapar\u00e1t\u016f\/objektiv\u016f.<\/p>\n<p>Novinky u verze V3: v\u00fdrazn\u011b men\u0161\u00ed, v\u00fdrazn\u011b leh\u010d\u00ed, celokovov\u00e1 konstrukce, super hladk\u00fd anodizovan\u00fd povrch, velmi pohodln\u00fd ergonomick\u00fd design<\/p>\n<p><strong>Dal\u0161\u00ed mo\u017enost\u00ed roz\u0161\u00ed\u0159en\u00ed s desti\u010dkami a kity<\/strong>: Pot\u0159ebujete kompatibilitu s Manfrotto stativovou hlavou? Po\u0159i\u010fte si <a href=\"https:\/\/www.onefive.cz\/peakdesign\/produkt\/capture-bez-desticky\/\">Capture bez desti\u010dky<\/a> + <a href=\"https:\/\/www.onefive.cz\/peakdesign\/produkt\/dual-plate\/\">Dual Plate<\/a>. Pod\u00edvejte se tak\u00e9 na adaptery pro no\u0161en\u00ed <a href=\"https:\/\/www.onefive.cz\/peakdesign\/produkt\/lens-kit\/\">objektiv\u016f<\/a>\u00a0a <a href=\"https:\/\/www.onefive.cz\/peakdesign\/produkt\/p-o-v-kit\/\">kamer GoPro<\/a>.<\/p>\n","protected":false},"featured_media":129425,"template":"","meta":[],"product_brand":[],"product_cat":[18],"product_tag":[],"class_list":{"0":"post-665","1":"product","2":"type-product","3":"status-publish","4":"has-post-thumbnail","6":"product_cat-uncategorized","8":"first","9":"instock","10":"taxable","11":"shipping-taxable","12":"purchasable","13":"product-type-variable"},"yoast_head":"<!-- This site is optimized with the Yoast SEO plugin v27.4 - https:\/\/yoast.com\/product\/yoast-seo-wordpress\/ -->\n<title>Capture - OneFive.cz - Prodejce Peak Design<\/title>\n<meta name=\"robots\" content=\"index, follow, max-snippet:-1, max-image-preview:large, max-video-preview:-1\" \/>\n<link rel=\"canonical\" href=\"https:\/\/www.onefive.cz\/peakdesign\/produkt\/capture\/\" \/>\n<meta property=\"og:locale\" content=\"cs_CZ\" \/>\n<meta property=\"og:type\" content=\"article\" \/>\n<meta property=\"og:title\" content=\"Capture - OneFive.cz - Prodejce Peak Design\" \/>\n<meta property=\"og:description\" content=\"Zcela nov\u00fd Capture je nejbezpe\u010dn\u011bj\u0161\u00ed, nejpohodln\u011bj\u0161\u00ed a nejpohotov\u011bj\u0161\u00ed zp\u016fsob no\u0161en\u00ed fotoapar\u00e1tu. Na rozd\u00edl od popruhu je fotoapar\u00e1t pevn\u011b fixov\u00e1n b\u011bhem ch\u016fze, na kole, nebo p\u0159i pohybu ve studiu. Na rozd\u00edl od bra\u0161ny lze z Capture fotoapar\u00e1t rychle odpojit pouh\u00fdm stiskem tla\u010d\u00edtka. Capture sest\u00e1v\u00e1 ze dvou \u010d\u00e1st\u00ed - prvn\u00ed je kovov\u00fd dr\u017e\u00e1k, kter\u00fd se p\u0159ipev\u0148uje k libovoln\u00e9mu opasku, popruhu nebo batohu a druhou je se Arca-kompatibiln\u00ed stativov\u00e1 desti\u010dka, kter\u00e1 se p\u0159ipev\u0148uje ke spodku fotoapar\u00e1tu. Fotoapar\u00e1t se pak jednodu\u0161e zasune a zacvakne do dr\u017e\u00e1ku, kde pevn\u011b a bezpe\u010dn\u011b dr\u017e\u00ed. Stiskem tla\u010d\u00edtka s pojistkou se rychle vyjme. Nosnost dr\u017e\u00e1ku je v\u00edce ne\u017e 90kg, tak\u017ee je dostate\u010dn\u011b pevn\u00fd i pro nejt\u011b\u017e\u0161\u00ed kombinace profesion\u00e1ln\u00edch fotoapar\u00e1t\u016f\/objektiv\u016f.  Novinky u verze V3: v\u00fdrazn\u011b men\u0161\u00ed, v\u00fdrazn\u011b leh\u010d\u00ed, celokovov\u00e1 konstrukce, super hladk\u00fd anodizovan\u00fd povrch, velmi pohodln\u00fd ergonomick\u00fd design  Dal\u0161\u00ed mo\u017enost\u00ed roz\u0161\u00ed\u0159en\u00ed s desti\u010dkami a kity: Pot\u0159ebujete kompatibilitu s Manfrotto stativovou hlavou? Po\u0159i\u010fte si Capture bez desti\u010dky + Dual Plate. Pod\u00edvejte se tak\u00e9 na adaptery pro no\u0161en\u00ed objektiv\u016f\u00a0a kamer GoPro.\" \/>\n<meta property=\"og:url\" content=\"https:\/\/www.onefive.cz\/peakdesign\/produkt\/capture\/\" \/>\n<meta property=\"og:site_name\" content=\"OneFive.cz - Prodejce Peak Design\" \/>\n<meta property=\"article:modified_time\" content=\"2026-04-17T05:36:25+00:00\" \/>\n<meta property=\"og:image\" content=\"https:\/\/www.onefive.cz\/peakdesign\/wp-content\/uploads\/2015\/04\/capturev3-1.jpg\" \/>\n\t<meta property=\"og:image:width\" content=\"900\" \/>\n\t<meta property=\"og:image:height\" content=\"600\" \/>\n\t<meta property=\"og:image:type\" content=\"image\/jpeg\" \/>\n<meta name=\"twitter:card\" content=\"summary_large_image\" \/>\n<meta name=\"twitter:label1\" content=\"Odhadovan\u00e1 doba \u010dten\u00ed\" \/>\n\t<meta name=\"twitter:data1\" content=\"4 minuty\" \/>\n<script type=\"application\/ld+json\" class=\"yoast-schema-graph\">{\"@context\":\"https:\\\/\\\/schema.org\",\"@graph\":[{\"@type\":\"WebPage\",\"@id\":\"https:\\\/\\\/www.onefive.cz\\\/peakdesign\\\/produkt\\\/capture\\\/\",\"url\":\"https:\\\/\\\/www.onefive.cz\\\/peakdesign\\\/produkt\\\/capture\\\/\",\"name\":\"Capture - OneFive.cz - Prodejce Peak Design\",\"isPartOf\":{\"@id\":\"https:\\\/\\\/www.onefive.cz\\\/peakdesign\\\/#website\"},\"primaryImageOfPage\":{\"@id\":\"https:\\\/\\\/www.onefive.cz\\\/peakdesign\\\/produkt\\\/capture\\\/#primaryimage\"},\"image\":{\"@id\":\"https:\\\/\\\/www.onefive.cz\\\/peakdesign\\\/produkt\\\/capture\\\/#primaryimage\"},\"thumbnailUrl\":\"https:\\\/\\\/www.onefive.cz\\\/peakdesign\\\/wp-content\\\/uploads\\\/2019\\\/04\\\/capturev3-black-2.jpg\",\"datePublished\":\"2019-04-01T21:52:55+00:00\",\"dateModified\":\"2026-04-17T05:36:25+00:00\",\"breadcrumb\":{\"@id\":\"https:\\\/\\\/www.onefive.cz\\\/peakdesign\\\/produkt\\\/capture\\\/#breadcrumb\"},\"inLanguage\":\"cs\",\"potentialAction\":[{\"@type\":\"ReadAction\",\"target\":[\"https:\\\/\\\/www.onefive.cz\\\/peakdesign\\\/produkt\\\/capture\\\/\"]}]},{\"@type\":\"ImageObject\",\"inLanguage\":\"cs\",\"@id\":\"https:\\\/\\\/www.onefive.cz\\\/peakdesign\\\/produkt\\\/capture\\\/#primaryimage\",\"url\":\"https:\\\/\\\/www.onefive.cz\\\/peakdesign\\\/wp-content\\\/uploads\\\/2019\\\/04\\\/capturev3-black-2.jpg\",\"contentUrl\":\"https:\\\/\\\/www.onefive.cz\\\/peakdesign\\\/wp-content\\\/uploads\\\/2019\\\/04\\\/capturev3-black-2.jpg\",\"width\":800,\"height\":800},{\"@type\":\"BreadcrumbList\",\"@id\":\"https:\\\/\\\/www.onefive.cz\\\/peakdesign\\\/produkt\\\/capture\\\/#breadcrumb\",\"itemListElement\":[{\"@type\":\"ListItem\",\"position\":1,\"name\":\"Dom\u016f\",\"item\":\"https:\\\/\\\/www.onefive.cz\\\/peakdesign\\\/\"},{\"@type\":\"ListItem\",\"position\":2,\"name\":\"Shop\",\"item\":\"https:\\\/\\\/www.onefive.cz\\\/peakdesign\\\/shop\\\/\"},{\"@type\":\"ListItem\",\"position\":3,\"name\":\"Capture\"}]},{\"@type\":\"WebSite\",\"@id\":\"https:\\\/\\\/www.onefive.cz\\\/peakdesign\\\/#website\",\"url\":\"https:\\\/\\\/www.onefive.cz\\\/peakdesign\\\/\",\"name\":\"OneFive.cz - Prodejce Peak Design\",\"description\":\"Kryty a dr\u017e\u00e1ky pro telefony, cestovn\u00ed a everyday batohy a ta\u0161ky, organiz\u00e9ry a fotop\u0159\u00edslu\u0161enstv\u00ed. Ultim\u00e1tn\u00ed v\u00fdbava pro ty, kte\u0159\u00ed vy\u017eaduj\u00ed to nejlep\u0161\u00ed.\",\"potentialAction\":[{\"@type\":\"SearchAction\",\"target\":{\"@type\":\"EntryPoint\",\"urlTemplate\":\"https:\\\/\\\/www.onefive.cz\\\/peakdesign\\\/?s={search_term_string}\"},\"query-input\":{\"@type\":\"PropertyValueSpecification\",\"valueRequired\":true,\"valueName\":\"search_term_string\"}}],\"inLanguage\":\"cs\"}]}<\/script>\n<!-- \/ Yoast SEO plugin. -->","yoast_head_json":{"title":"Capture - OneFive.cz - Prodejce Peak Design","robots":{"index":"index","follow":"follow","max-snippet":"max-snippet:-1","max-image-preview":"max-image-preview:large","max-video-preview":"max-video-preview:-1"},"canonical":"https:\/\/www.onefive.cz\/peakdesign\/produkt\/capture\/","og_locale":"cs_CZ","og_type":"article","og_title":"Capture - OneFive.cz - Prodejce Peak Design","og_description":"Zcela nov\u00fd Capture je nejbezpe\u010dn\u011bj\u0161\u00ed, nejpohodln\u011bj\u0161\u00ed a nejpohotov\u011bj\u0161\u00ed zp\u016fsob no\u0161en\u00ed fotoapar\u00e1tu. Na rozd\u00edl od popruhu je fotoapar\u00e1t pevn\u011b fixov\u00e1n b\u011bhem ch\u016fze, na kole, nebo p\u0159i pohybu ve studiu. Na rozd\u00edl od bra\u0161ny lze z Capture fotoapar\u00e1t rychle odpojit pouh\u00fdm stiskem tla\u010d\u00edtka. Capture sest\u00e1v\u00e1 ze dvou \u010d\u00e1st\u00ed - prvn\u00ed je kovov\u00fd dr\u017e\u00e1k, kter\u00fd se p\u0159ipev\u0148uje k libovoln\u00e9mu opasku, popruhu nebo batohu a druhou je se Arca-kompatibiln\u00ed stativov\u00e1 desti\u010dka, kter\u00e1 se p\u0159ipev\u0148uje ke spodku fotoapar\u00e1tu. Fotoapar\u00e1t se pak jednodu\u0161e zasune a zacvakne do dr\u017e\u00e1ku, kde pevn\u011b a bezpe\u010dn\u011b dr\u017e\u00ed. Stiskem tla\u010d\u00edtka s pojistkou se rychle vyjme. Nosnost dr\u017e\u00e1ku je v\u00edce ne\u017e 90kg, tak\u017ee je dostate\u010dn\u011b pevn\u00fd i pro nejt\u011b\u017e\u0161\u00ed kombinace profesion\u00e1ln\u00edch fotoapar\u00e1t\u016f\/objektiv\u016f.  Novinky u verze V3: v\u00fdrazn\u011b men\u0161\u00ed, v\u00fdrazn\u011b leh\u010d\u00ed, celokovov\u00e1 konstrukce, super hladk\u00fd anodizovan\u00fd povrch, velmi pohodln\u00fd ergonomick\u00fd design  Dal\u0161\u00ed mo\u017enost\u00ed roz\u0161\u00ed\u0159en\u00ed s desti\u010dkami a kity: Pot\u0159ebujete kompatibilitu s Manfrotto stativovou hlavou? Po\u0159i\u010fte si Capture bez desti\u010dky + Dual Plate. Pod\u00edvejte se tak\u00e9 na adaptery pro no\u0161en\u00ed objektiv\u016f\u00a0a kamer GoPro.","og_url":"https:\/\/www.onefive.cz\/peakdesign\/produkt\/capture\/","og_site_name":"OneFive.cz - Prodejce Peak Design","article_modified_time":"2026-04-17T05:36:25+00:00","og_image":[{"width":900,"height":600,"url":"https:\/\/www.onefive.cz\/peakdesign\/wp-content\/uploads\/2015\/04\/capturev3-1.jpg","type":"image\/jpeg"}],"twitter_card":"summary_large_image","twitter_misc":{"Odhadovan\u00e1 doba \u010dten\u00ed":"4 minuty"},"schema":{"@context":"https:\/\/schema.org","@graph":[{"@type":"WebPage","@id":"https:\/\/www.onefive.cz\/peakdesign\/produkt\/capture\/","url":"https:\/\/www.onefive.cz\/peakdesign\/produkt\/capture\/","name":"Capture - OneFive.cz - Prodejce Peak Design","isPartOf":{"@id":"https:\/\/www.onefive.cz\/peakdesign\/#website"},"primaryImageOfPage":{"@id":"https:\/\/www.onefive.cz\/peakdesign\/produkt\/capture\/#primaryimage"},"image":{"@id":"https:\/\/www.onefive.cz\/peakdesign\/produkt\/capture\/#primaryimage"},"thumbnailUrl":"https:\/\/www.onefive.cz\/peakdesign\/wp-content\/uploads\/2019\/04\/capturev3-black-2.jpg","datePublished":"2019-04-01T21:52:55+00:00","dateModified":"2026-04-17T05:36:25+00:00","breadcrumb":{"@id":"https:\/\/www.onefive.cz\/peakdesign\/produkt\/capture\/#breadcrumb"},"inLanguage":"cs","potentialAction":[{"@type":"ReadAction","target":["https:\/\/www.onefive.cz\/peakdesign\/produkt\/capture\/"]}]},{"@type":"ImageObject","inLanguage":"cs","@id":"https:\/\/www.onefive.cz\/peakdesign\/produkt\/capture\/#primaryimage","url":"https:\/\/www.onefive.cz\/peakdesign\/wp-content\/uploads\/2019\/04\/capturev3-black-2.jpg","contentUrl":"https:\/\/www.onefive.cz\/peakdesign\/wp-content\/uploads\/2019\/04\/capturev3-black-2.jpg","width":800,"height":800},{"@type":"BreadcrumbList","@id":"https:\/\/www.onefive.cz\/peakdesign\/produkt\/capture\/#breadcrumb","itemListElement":[{"@type":"ListItem","position":1,"name":"Dom\u016f","item":"https:\/\/www.onefive.cz\/peakdesign\/"},{"@type":"ListItem","position":2,"name":"Shop","item":"https:\/\/www.onefive.cz\/peakdesign\/shop\/"},{"@type":"ListItem","position":3,"name":"Capture"}]},{"@type":"WebSite","@id":"https:\/\/www.onefive.cz\/peakdesign\/#website","url":"https:\/\/www.onefive.cz\/peakdesign\/","name":"OneFive.cz - Prodejce Peak Design","description":"Kryty a dr\u017e\u00e1ky pro telefony, cestovn\u00ed a everyday batohy a ta\u0161ky, organiz\u00e9ry a fotop\u0159\u00edslu\u0161enstv\u00ed. Ultim\u00e1tn\u00ed v\u00fdbava pro ty, kte\u0159\u00ed vy\u017eaduj\u00ed to nejlep\u0161\u00ed.","potentialAction":[{"@type":"SearchAction","target":{"@type":"EntryPoint","urlTemplate":"https:\/\/www.onefive.cz\/peakdesign\/?s={search_term_string}"},"query-input":{"@type":"PropertyValueSpecification","valueRequired":true,"valueName":"search_term_string"}}],"inLanguage":"cs"}]}},"_links":{"self":[{"href":"https:\/\/www.onefive.cz\/peakdesign\/wp-json\/wp\/v2\/product\/665","targetHints":{"allow":["GET"]}}],"collection":[{"href":"https:\/\/www.onefive.cz\/peakdesign\/wp-json\/wp\/v2\/product"}],"about":[{"href":"https:\/\/www.onefive.cz\/peakdesign\/wp-json\/wp\/v2\/types\/product"}],"wp:featuredmedia":[{"embeddable":true,"href":"https:\/\/www.onefive.cz\/peakdesign\/wp-json\/wp\/v2\/media\/129425"}],"wp:attachment":[{"href":"https:\/\/www.onefive.cz\/peakdesign\/wp-json\/wp\/v2\/media?parent=665"}],"wp:term":[{"taxonomy":"product_brand","embeddable":true,"href":"https:\/\/www.onefive.cz\/peakdesign\/wp-json\/wp\/v2\/product_brand?post=665"},{"taxonomy":"product_cat","embeddable":true,"href":"https:\/\/www.onefive.cz\/peakdesign\/wp-json\/wp\/v2\/product_cat?post=665"},{"taxonomy":"product_tag","embeddable":true,"href":"https:\/\/www.onefive.cz\/peakdesign\/wp-json\/wp\/v2\/product_tag?post=665"}],"curies":[{"name":"wp","href":"https:\/\/api.w.org\/{rel}","templated":true}]}}