{"id":692,"date":"2014-11-28T11:34:15","date_gmt":"2014-11-28T11:34:15","guid":{"rendered":"http:\/\/onefive.cz\/peak-design\/p-o-v-kit-kopirovat\/"},"modified":"2026-04-17T05:35:12","modified_gmt":"2026-04-17T03:35:12","slug":"clutch","status":"publish","type":"product","link":"https:\/\/www.onefive.cz\/peakdesign\/produkt\/clutch\/","title":{"rendered":"Clutch"},"content":{"rendered":"<p>&nbsp;<\/p>\n<div class='content-column one_half'><h2>Hlavn\u00ed rysy<\/h2>\n<p><img decoding=\"async\" class=\"alignnone size-full\" src=\"https:\/\/www.peakdesign.cz\/wp-content\/uploads\/2014\/11\/clutch.jpeg\" alt=\"clutch\" width=\"450\" \/><\/p>\n<p><strong>KOMPATIBILITA<\/strong><\/p>\n<ul style=\"padding-left: 15px;\">\n<li><strong>Kompatibiln\u00ed se v\u0161emi fotoapar\u00e1ty<\/strong>: Lze p\u0159ipojit k libovoln\u00e9mu DSLR (nebo SLR) fotoapar\u00e1tu, v\u010detn\u011b velk\u00fdch full-frame zrcadlovek a t\u011bl s bateriov\u00fdmi gripy.<\/li>\n<\/ul>\n<p><strong>POU\u017d\u00cdVEJTE JEJ JAK CHCETE<\/strong><\/p>\n<ul style=\"padding-left: 15px;\">\n<li><strong>Rychle nastaviteln\u00fd<\/strong>: Lze jej rychle ut\u00e1hnout a pevn\u011b upevnit k ruce, anebo povolit pro snadn\u011bj\u0161\u00ed p\u0159\u00edstup k ovl\u00e1dac\u00edm prvk\u016fm fotoapar\u00e1tu.<\/li>\n<li><strong>Rychl\u00e9 p\u0159ipnut\u00ed nebo odepnut\u00ed<\/strong>: Odepnut\u00ed a p\u0159ipnut\u00ed pomoc\u00ed patentovan\u00e9ho syst\u00e9mu rychl\u00fdch spojek Anchor Link\u2122<\/li>\n<li><strong>Pou\u017e\u00edt\u00ed s Capture\u00ae<\/strong>: Lze pou\u017e\u00edt samostatn\u011b nebo s <a href=\"https:\/\/www.onefive.cz\/peakdesign\/produkt\/capture-camera-clip\/\">Capture\u00ae<\/a>.<\/li>\n<li><strong>Kompatibiln\u00ed se stativy<\/strong>: Kompatibiln\u00ed s v\u011bt\u0161inou stativov\u00fdch hlav typu ARCA.<\/li>\n<\/ul>\n<p><strong>PROST\u011a SEXY<\/strong><\/p>\n<ul style=\"padding-left: 15px;\">\n<li><strong>Nen\u00e1padn\u00fd a elegantn\u00ed<\/strong>: Oproti ostatn\u00edm popruh\u016fm na ruku na trhu je Clutch\u2122 nen\u00e1padn\u00fd a elegantn\u00ed.<\/li>\n<li><strong>Promy\u0161len\u00fd design<\/strong>: Vyrobeno z prvot\u0159\u00eddn\u00edch materi\u00e1l\u016f a sou\u010d\u00e1st\u00ed, inspirovan\u00fdch a konstruk\u010dn\u011b vych\u00e1zej\u00edc\u00edch z horolezeck\u00e9ho vybaven\u00ed.<\/li>\n<\/ul>\n<p><strong>PR\u00c9MIOV\u00c1 KONSTRUKCE<\/strong><\/p>\n<ul style=\"padding-left: 15px;\">\n<li><strong>Ultra pevn\u00fd<\/strong>: Dostate\u010dn\u011b pevn\u00fd pro jakoukoliv kombinaci profesion\u00e1ln\u00edho fotoapar\u00e1tu a objektivu.<\/li>\n<li><strong>Ultra odoln\u00fd Hypalon<\/strong>: Vn\u011bj\u0161\u00ed kostra popruhu Clutch je ze stejn\u00e9ho materi\u00e1lu jako rafty pro divokou vodu<\/li>\n<li><strong>Vycp\u00e1vka z mikrovl\u00e1kna<\/strong>: Va\u0161e ruka se pod popruhem nikdy nezpot\u00ed ani se nebude lepit. Nikdo nem\u00e1 r\u00e1d zpocen\u00e9 ruce.<\/li>\n<li><strong>Dyneema\u00ae kotvi\u010dky<\/strong>: Nov\u00e9 kotvi\u010dky Anchor se smy\u010dkou z materi\u00e1lu Dyneema\u00ae maj\u00ed nosnost minim\u00e1ln\u011b 90kg a nejlep\u0161\u00ed odolnost proti opot\u0159eben\u00ed v t\u00e9to kategorii.<\/li>\n<\/ul><\/div>\n<div class='content-column one_half last_column'><h2>Video<\/h2>\n<p style=\"padding-bottom: 15px;\">https:\/\/www.youtube.com\/watch?v=U9mO1Rb1lw0<\/p>\n<h2>Specifikace<\/h2>\n<ul style=\"padding-left: 15px; padding-bottom: 15px;\">\n<li><strong>Objednac\u00ed k\u00f3d<\/strong>: CL-1<\/li>\n<li><strong>Po\u010det kotvi\u010dek Anchor<\/strong>: 2<\/li>\n<li><strong>Typ stativov\u00e9 desti\u010dky<\/strong>: standardn\u00ed stativov\u00e1 rychloup\u00ednac\u00ed desti\u010dka (kompatibiln\u00ed se stativov\u00fdmi hlavami typu ARCA), 4 oka pro p\u0159ipnut\u00ed kotvi\u010dek Anchor<\/li>\n<li><strong>Hmotnost<\/strong>: 50g (123g kompletn\u00ed prodejn\u00ed balen\u00ed)<\/li>\n<li><strong>D\u00e9lka popruhu<\/strong>: od 20cm do 29cm<\/li>\n<li><strong>\u0160\u00ed\u0159ka popruhu<\/strong>: 51mm (v nej\u0161ir\u0161\u00edm m\u00edst\u011b)<\/li>\n<li><strong>Nosnost<\/strong>: nosnost ka\u017ed\u00e9 kotvi\u010dky Anchor se smy\u010dkou z materi\u00e1lu Dyneema\u00ae je minim\u00e1ln\u011b 90kg<\/li>\n<\/ul>\n<h2>Obsah balen\u00ed<\/h2>\n<p><img decoding=\"async\" class=\"alignnone size-full\" src=\"https:\/\/www.peakdesign.cz\/wp-content\/uploads\/2014\/11\/cp-3-whats-in-the-box.jpg\" alt=\"\" width=\"450\" \/><\/p>\n<ul style=\"padding-left: 15px; padding-bottom: 15px;\">\n<li>1. Clutch<\/li>\n<li>2. Standardn\u00ed stativov\u00e1 rychloup\u00ednac\u00ed desti\u010dka (ARCA)<\/li>\n<li>3. 2 Dyneema kotvi\u010dky Anchor<\/li>\n<li>4. Pytl\u00edk z mikrovl\u00e1kna<\/li>\n<li>5. Imbus kl\u00ed\u010d<\/li>\n<\/ul><\/div><div class='clear_column'><\/div>\n","protected":false},"excerpt":{"rendered":"<p>Clutch je rychloup\u00ednac\u00ed a rychle nastaviteln\u00fd popruh pro fotoapar\u00e1t na ruku. Prvn\u00ed na sv\u011bt\u011b! Kdy\u017e pot\u0159ebujete, poskytuje Clutch pevn\u00e9 uchycen\u00ed, sou\u010dasn\u011b jej v\u0161ak lze velmi rychle povolit pro lep\u0161\u00ed dosah na ovl\u00e1dac\u00ed prvky fotoapar\u00e1tu. Vyrobeno z prvot\u0159\u00eddn\u00edch materi\u00e1l\u016f a sou\u010d\u00e1st\u00ed (Hypalon, vycp\u00e1vka z mikrovl\u00e1kna a duralov\u00e1 p\u0159ezka), inspirovan\u00fdch a konstruk\u010dn\u011b vych\u00e1zej\u00edc\u00edch z horolezeck\u00e9ho vybaven\u00ed.<\/p>\n","protected":false},"featured_media":4206,"template":"","meta":[],"product_brand":[],"product_cat":[18],"product_tag":[],"class_list":{"0":"post-692","1":"product","2":"type-product","3":"status-publish","4":"has-post-thumbnail","6":"product_cat-uncategorized","8":"first","9":"instock","10":"taxable","11":"shipping-taxable","12":"purchasable","13":"product-type-simple"},"yoast_head":"<!-- This site is optimized with the Yoast SEO plugin v27.4 - https:\/\/yoast.com\/product\/yoast-seo-wordpress\/ -->\n<title>Clutch - OneFive.cz - Prodejce Peak Design<\/title>\n<meta name=\"robots\" content=\"index, follow, max-snippet:-1, max-image-preview:large, max-video-preview:-1\" \/>\n<link rel=\"canonical\" href=\"https:\/\/www.onefive.cz\/peakdesign\/produkt\/clutch\/\" \/>\n<meta property=\"og:locale\" content=\"cs_CZ\" \/>\n<meta property=\"og:type\" content=\"article\" \/>\n<meta property=\"og:title\" content=\"Clutch - OneFive.cz - Prodejce Peak Design\" \/>\n<meta property=\"og:description\" content=\"Clutch je rychloup\u00ednac\u00ed a rychle nastaviteln\u00fd popruh pro fotoapar\u00e1t na ruku. Prvn\u00ed na sv\u011bt\u011b! Kdy\u017e pot\u0159ebujete, poskytuje Clutch pevn\u00e9 uchycen\u00ed, sou\u010dasn\u011b jej v\u0161ak lze velmi rychle povolit pro lep\u0161\u00ed dosah na ovl\u00e1dac\u00ed prvky fotoapar\u00e1tu. Vyrobeno z prvot\u0159\u00eddn\u00edch materi\u00e1l\u016f a sou\u010d\u00e1st\u00ed (Hypalon, vycp\u00e1vka z mikrovl\u00e1kna a duralov\u00e1 p\u0159ezka), inspirovan\u00fdch a konstruk\u010dn\u011b vych\u00e1zej\u00edc\u00edch z horolezeck\u00e9ho vybaven\u00ed.\" \/>\n<meta property=\"og:url\" content=\"https:\/\/www.onefive.cz\/peakdesign\/produkt\/clutch\/\" \/>\n<meta property=\"og:site_name\" content=\"OneFive.cz - Prodejce Peak Design\" \/>\n<meta property=\"article:modified_time\" content=\"2026-04-17T03:35:12+00:00\" \/>\n<meta property=\"og:image\" content=\"https:\/\/www.onefive.cz\/peakdesign\/wp-content\/uploads\/2014\/11\/Hero_1_00dd613f-3a47-4d25-8ad6-391be72d17fb_1024x1024.jpg\" \/>\n\t<meta property=\"og:image:width\" content=\"1000\" \/>\n\t<meta property=\"og:image:height\" content=\"1000\" \/>\n\t<meta property=\"og:image:type\" content=\"image\/jpeg\" \/>\n<meta name=\"twitter:card\" content=\"summary_large_image\" \/>\n<meta name=\"twitter:label1\" content=\"Odhadovan\u00e1 doba \u010dten\u00ed\" \/>\n\t<meta name=\"twitter:data1\" content=\"3 minuty\" \/>\n<script type=\"application\/ld+json\" class=\"yoast-schema-graph\">{\"@context\":\"https:\\\/\\\/schema.org\",\"@graph\":[{\"@type\":\"WebPage\",\"@id\":\"https:\\\/\\\/www.onefive.cz\\\/peakdesign\\\/produkt\\\/clutch\\\/\",\"url\":\"https:\\\/\\\/www.onefive.cz\\\/peakdesign\\\/produkt\\\/clutch\\\/\",\"name\":\"Clutch - OneFive.cz - Prodejce Peak Design\",\"isPartOf\":{\"@id\":\"https:\\\/\\\/www.onefive.cz\\\/peakdesign\\\/#website\"},\"primaryImageOfPage\":{\"@id\":\"https:\\\/\\\/www.onefive.cz\\\/peakdesign\\\/produkt\\\/clutch\\\/#primaryimage\"},\"image\":{\"@id\":\"https:\\\/\\\/www.onefive.cz\\\/peakdesign\\\/produkt\\\/clutch\\\/#primaryimage\"},\"thumbnailUrl\":\"https:\\\/\\\/www.onefive.cz\\\/peakdesign\\\/wp-content\\\/uploads\\\/2014\\\/11\\\/Hero_1_00dd613f-3a47-4d25-8ad6-391be72d17fb_1024x1024.jpg\",\"datePublished\":\"2014-11-28T11:34:15+00:00\",\"dateModified\":\"2026-04-17T03:35:12+00:00\",\"breadcrumb\":{\"@id\":\"https:\\\/\\\/www.onefive.cz\\\/peakdesign\\\/produkt\\\/clutch\\\/#breadcrumb\"},\"inLanguage\":\"cs\",\"potentialAction\":[{\"@type\":\"ReadAction\",\"target\":[\"https:\\\/\\\/www.onefive.cz\\\/peakdesign\\\/produkt\\\/clutch\\\/\"]}]},{\"@type\":\"ImageObject\",\"inLanguage\":\"cs\",\"@id\":\"https:\\\/\\\/www.onefive.cz\\\/peakdesign\\\/produkt\\\/clutch\\\/#primaryimage\",\"url\":\"https:\\\/\\\/www.onefive.cz\\\/peakdesign\\\/wp-content\\\/uploads\\\/2014\\\/11\\\/Hero_1_00dd613f-3a47-4d25-8ad6-391be72d17fb_1024x1024.jpg\",\"contentUrl\":\"https:\\\/\\\/www.onefive.cz\\\/peakdesign\\\/wp-content\\\/uploads\\\/2014\\\/11\\\/Hero_1_00dd613f-3a47-4d25-8ad6-391be72d17fb_1024x1024.jpg\",\"width\":1000,\"height\":1000},{\"@type\":\"BreadcrumbList\",\"@id\":\"https:\\\/\\\/www.onefive.cz\\\/peakdesign\\\/produkt\\\/clutch\\\/#breadcrumb\",\"itemListElement\":[{\"@type\":\"ListItem\",\"position\":1,\"name\":\"Dom\u016f\",\"item\":\"https:\\\/\\\/www.onefive.cz\\\/peakdesign\\\/\"},{\"@type\":\"ListItem\",\"position\":2,\"name\":\"Shop\",\"item\":\"https:\\\/\\\/www.onefive.cz\\\/peakdesign\\\/shop\\\/\"},{\"@type\":\"ListItem\",\"position\":3,\"name\":\"Clutch\"}]},{\"@type\":\"WebSite\",\"@id\":\"https:\\\/\\\/www.onefive.cz\\\/peakdesign\\\/#website\",\"url\":\"https:\\\/\\\/www.onefive.cz\\\/peakdesign\\\/\",\"name\":\"OneFive.cz - Prodejce Peak Design\",\"description\":\"Kryty a dr\u017e\u00e1ky pro telefony, cestovn\u00ed a everyday batohy a ta\u0161ky, organiz\u00e9ry a fotop\u0159\u00edslu\u0161enstv\u00ed. Ultim\u00e1tn\u00ed v\u00fdbava pro ty, kte\u0159\u00ed vy\u017eaduj\u00ed to nejlep\u0161\u00ed.\",\"potentialAction\":[{\"@type\":\"SearchAction\",\"target\":{\"@type\":\"EntryPoint\",\"urlTemplate\":\"https:\\\/\\\/www.onefive.cz\\\/peakdesign\\\/?s={search_term_string}\"},\"query-input\":{\"@type\":\"PropertyValueSpecification\",\"valueRequired\":true,\"valueName\":\"search_term_string\"}}],\"inLanguage\":\"cs\"}]}<\/script>\n<!-- \/ Yoast SEO plugin. -->","yoast_head_json":{"title":"Clutch - OneFive.cz - Prodejce Peak Design","robots":{"index":"index","follow":"follow","max-snippet":"max-snippet:-1","max-image-preview":"max-image-preview:large","max-video-preview":"max-video-preview:-1"},"canonical":"https:\/\/www.onefive.cz\/peakdesign\/produkt\/clutch\/","og_locale":"cs_CZ","og_type":"article","og_title":"Clutch - OneFive.cz - Prodejce Peak Design","og_description":"Clutch je rychloup\u00ednac\u00ed a rychle nastaviteln\u00fd popruh pro fotoapar\u00e1t na ruku. Prvn\u00ed na sv\u011bt\u011b! Kdy\u017e pot\u0159ebujete, poskytuje Clutch pevn\u00e9 uchycen\u00ed, sou\u010dasn\u011b jej v\u0161ak lze velmi rychle povolit pro lep\u0161\u00ed dosah na ovl\u00e1dac\u00ed prvky fotoapar\u00e1tu. Vyrobeno z prvot\u0159\u00eddn\u00edch materi\u00e1l\u016f a sou\u010d\u00e1st\u00ed (Hypalon, vycp\u00e1vka z mikrovl\u00e1kna a duralov\u00e1 p\u0159ezka), inspirovan\u00fdch a konstruk\u010dn\u011b vych\u00e1zej\u00edc\u00edch z horolezeck\u00e9ho vybaven\u00ed.","og_url":"https:\/\/www.onefive.cz\/peakdesign\/produkt\/clutch\/","og_site_name":"OneFive.cz - Prodejce Peak Design","article_modified_time":"2026-04-17T03:35:12+00:00","og_image":[{"width":1000,"height":1000,"url":"https:\/\/www.onefive.cz\/peakdesign\/wp-content\/uploads\/2014\/11\/Hero_1_00dd613f-3a47-4d25-8ad6-391be72d17fb_1024x1024.jpg","type":"image\/jpeg"}],"twitter_card":"summary_large_image","twitter_misc":{"Odhadovan\u00e1 doba \u010dten\u00ed":"3 minuty"},"schema":{"@context":"https:\/\/schema.org","@graph":[{"@type":"WebPage","@id":"https:\/\/www.onefive.cz\/peakdesign\/produkt\/clutch\/","url":"https:\/\/www.onefive.cz\/peakdesign\/produkt\/clutch\/","name":"Clutch - OneFive.cz - Prodejce Peak Design","isPartOf":{"@id":"https:\/\/www.onefive.cz\/peakdesign\/#website"},"primaryImageOfPage":{"@id":"https:\/\/www.onefive.cz\/peakdesign\/produkt\/clutch\/#primaryimage"},"image":{"@id":"https:\/\/www.onefive.cz\/peakdesign\/produkt\/clutch\/#primaryimage"},"thumbnailUrl":"https:\/\/www.onefive.cz\/peakdesign\/wp-content\/uploads\/2014\/11\/Hero_1_00dd613f-3a47-4d25-8ad6-391be72d17fb_1024x1024.jpg","datePublished":"2014-11-28T11:34:15+00:00","dateModified":"2026-04-17T03:35:12+00:00","breadcrumb":{"@id":"https:\/\/www.onefive.cz\/peakdesign\/produkt\/clutch\/#breadcrumb"},"inLanguage":"cs","potentialAction":[{"@type":"ReadAction","target":["https:\/\/www.onefive.cz\/peakdesign\/produkt\/clutch\/"]}]},{"@type":"ImageObject","inLanguage":"cs","@id":"https:\/\/www.onefive.cz\/peakdesign\/produkt\/clutch\/#primaryimage","url":"https:\/\/www.onefive.cz\/peakdesign\/wp-content\/uploads\/2014\/11\/Hero_1_00dd613f-3a47-4d25-8ad6-391be72d17fb_1024x1024.jpg","contentUrl":"https:\/\/www.onefive.cz\/peakdesign\/wp-content\/uploads\/2014\/11\/Hero_1_00dd613f-3a47-4d25-8ad6-391be72d17fb_1024x1024.jpg","width":1000,"height":1000},{"@type":"BreadcrumbList","@id":"https:\/\/www.onefive.cz\/peakdesign\/produkt\/clutch\/#breadcrumb","itemListElement":[{"@type":"ListItem","position":1,"name":"Dom\u016f","item":"https:\/\/www.onefive.cz\/peakdesign\/"},{"@type":"ListItem","position":2,"name":"Shop","item":"https:\/\/www.onefive.cz\/peakdesign\/shop\/"},{"@type":"ListItem","position":3,"name":"Clutch"}]},{"@type":"WebSite","@id":"https:\/\/www.onefive.cz\/peakdesign\/#website","url":"https:\/\/www.onefive.cz\/peakdesign\/","name":"OneFive.cz - Prodejce Peak Design","description":"Kryty a dr\u017e\u00e1ky pro telefony, cestovn\u00ed a everyday batohy a ta\u0161ky, organiz\u00e9ry a fotop\u0159\u00edslu\u0161enstv\u00ed. Ultim\u00e1tn\u00ed v\u00fdbava pro ty, kte\u0159\u00ed vy\u017eaduj\u00ed to nejlep\u0161\u00ed.","potentialAction":[{"@type":"SearchAction","target":{"@type":"EntryPoint","urlTemplate":"https:\/\/www.onefive.cz\/peakdesign\/?s={search_term_string}"},"query-input":{"@type":"PropertyValueSpecification","valueRequired":true,"valueName":"search_term_string"}}],"inLanguage":"cs"}]}},"_links":{"self":[{"href":"https:\/\/www.onefive.cz\/peakdesign\/wp-json\/wp\/v2\/product\/692","targetHints":{"allow":["GET"]}}],"collection":[{"href":"https:\/\/www.onefive.cz\/peakdesign\/wp-json\/wp\/v2\/product"}],"about":[{"href":"https:\/\/www.onefive.cz\/peakdesign\/wp-json\/wp\/v2\/types\/product"}],"wp:featuredmedia":[{"embeddable":true,"href":"https:\/\/www.onefive.cz\/peakdesign\/wp-json\/wp\/v2\/media\/4206"}],"wp:attachment":[{"href":"https:\/\/www.onefive.cz\/peakdesign\/wp-json\/wp\/v2\/media?parent=692"}],"wp:term":[{"taxonomy":"product_brand","embeddable":true,"href":"https:\/\/www.onefive.cz\/peakdesign\/wp-json\/wp\/v2\/product_brand?post=692"},{"taxonomy":"product_cat","embeddable":true,"href":"https:\/\/www.onefive.cz\/peakdesign\/wp-json\/wp\/v2\/product_cat?post=692"},{"taxonomy":"product_tag","embeddable":true,"href":"https:\/\/www.onefive.cz\/peakdesign\/wp-json\/wp\/v2\/product_tag?post=692"}],"curies":[{"name":"wp","href":"https:\/\/api.w.org\/{rel}","templated":true}]}}