{"id":695,"date":"2017-11-05T11:41:02","date_gmt":"2017-11-05T10:41:02","guid":{"rendered":"http:\/\/onefive.cz\/peak-design\/clutch-kopirovat\/"},"modified":"2026-04-17T05:36:19","modified_gmt":"2026-04-17T03:36:19","slug":"slide","status":"publish","type":"product","link":"https:\/\/www.onefive.cz\/peakdesign\/produkt\/slide\/","title":{"rendered":"Slide"},"content":{"rendered":"<div class='content-column one_half'><h2>Hlavn\u00ed rysy<\/h2>\n<p><a href=\"https:\/\/www.onefive.cz\/peakdesign\/wp-content\/uploads\/2017\/11\/DSC03089-scaled.jpg\"><img loading=\"lazy\" decoding=\"async\" class=\"alignnone size-medium wp-image-112328\" src=\"https:\/\/www.onefive.cz\/peakdesign\/wp-content\/uploads\/2017\/11\/DSC03089-500x333.jpg\" alt=\"\" width=\"500\" height=\"333\" srcset=\"https:\/\/www.onefive.cz\/peakdesign\/wp-content\/uploads\/2017\/11\/DSC03089-500x333.jpg 500w, https:\/\/www.onefive.cz\/peakdesign\/wp-content\/uploads\/2017\/11\/DSC03089-2048x1365.jpg 2048w, https:\/\/www.onefive.cz\/peakdesign\/wp-content\/uploads\/2017\/11\/DSC03089-768x512.jpg 768w, https:\/\/www.onefive.cz\/peakdesign\/wp-content\/uploads\/2017\/11\/DSC03089-1500x1000.jpg 1500w, https:\/\/www.onefive.cz\/peakdesign\/wp-content\/uploads\/2017\/11\/DSC03089-1536x1024.jpg 1536w, https:\/\/www.onefive.cz\/peakdesign\/wp-content\/uploads\/2017\/11\/DSC03089-24x16.jpg 24w, https:\/\/www.onefive.cz\/peakdesign\/wp-content\/uploads\/2017\/11\/DSC03089-36x24.jpg 36w, https:\/\/www.onefive.cz\/peakdesign\/wp-content\/uploads\/2017\/11\/DSC03089-48x32.jpg 48w, https:\/\/www.onefive.cz\/peakdesign\/wp-content\/uploads\/2017\/11\/DSC03089-450x300.jpg 450w, https:\/\/www.onefive.cz\/peakdesign\/wp-content\/uploads\/2017\/11\/DSC03089-scaled.jpg 2560w\" sizes=\"auto, (max-width: 500px) 100vw, 500px\" \/><\/a><\/p>\n<p><b>T\u0158I POPRUHY V JEDNOM<\/b><br \/>\nKolem krku, p\u0159es rameno nebo na rameni - n\u00e1\u0161 jedine\u010dn\u00fd syst\u00e9m kotvi\u010dek Anchor umo\u017enuje rychle zm\u011bnit zp\u016fsob no\u0161en\u00ed. Pod\u00edvejte se na <a href=\"https:\/\/www.peakdesign.cz\/slide-a-slide-lite-tipy-vlastnosti-a-funkce\/\">instrukt\u00e1\u017en\u00ed video<\/a> s popisem v\u0161ech funkc\u00ed a tipy pro pou\u017eit\u00ed.<\/p>\n<ul style=\"padding-left: 15px; padding-bottom: 15px;\">\n<li><b>\u00da\u017easn\u00e9 pohodl\u00ed<\/b> Velmi nen\u00e1padn\u00e9 integrovan\u00e9 polstrov\u00e1n\u00ed popruhu zaru\u010duje pohodl\u00ed i p\u0159i celodenn\u00edm no\u0161en\u00ed.<\/li>\n<li><b>Stabilita<\/b> D\u00edky dv\u011bma bod\u016fm upevn\u011bn\u00ed (jeden m\u016f\u017ee b\u00fdt na spodn\u00ed \u010d\u00e1sti fotoapar\u00e1tu) je p\u0159i no\u0161en\u00ed fotoapar\u00e1t velmi stabiln\u00ed.<\/li>\n<li><b>Pro v\u0161echny fotoapar\u00e1ty<\/b> Dostate\u010dn\u011b pevn\u00fd pro no\u0161en\u00ed libovoln\u00e9 kombinace fotoapar\u00e1tu\/objektivu ale i t\u0159eba dalekohled\u016f. Nosnost ka\u017ed\u00e9 kotvi\u010dky Anchor je minim\u00e1ln\u011b 90kg a m\u00e1 extr\u00e9mn\u00ed odolnost proti od\u0159en\u00ed.<\/li>\n<li><b>Rychl\u00e1 zm\u011bna d\u00e9lky<\/b> Velk\u00fd rozsah d\u00e9lku a jej\u00ed rychl\u00e9 nastaven\u00ed pomoc\u00ed dvojice duralov\u00fdch p\u0159ezek.<\/li>\n<li><b>Hladk\u00fd povrch<\/b> Snadn\u00e1 manipulace fotoapar\u00e1t v\u017edy na dosah d\u00edky hladk\u00e9mu \u00fapletu, kter\u00fd snadno klou\u017ee po oble\u010den\u00ed.<\/li>\n<li><b>Elegantn\u00ed a nen\u00e1padn\u00e9 p\u0159ipojen\u00ed<\/b> P\u0159ipojen\u00ed k ok\u016fm na t\u011ble fotoapar\u00e1tu nebo na jeho spodn\u00ed \u010d\u00e1st pomoc\u00ed adapt\u00e9ru Anchor Mount s velmi n\u00edzk\u00fdm profilem.<\/li>\n<\/ul>\n<p><b>NOVINKY A VYLEP\u0160EN\u00cd<\/b><\/p>\n<ul style=\"padding-left: 15px; padding-bottom: 15px;\">\n<li><b>Nov\u00e9 kotvi\u010dky Anchor<\/b> Zkosen\u00e1 kotvi\u010dka umo\u017e\u0148uje velmi jednoduch\u00e9 zalo\u017een\u00ed a zacvaknut\u00ed jednou rukou. O 25% \u0161t\u00edhlej\u0161\u00ed spojky kotvi\u010dek.<\/li>\n<li><b>Nezm\u011bn\u011bn\u00e1 nosnost<\/b> Kotvi\u010dek st\u00e1le unesou minim\u00e1ln\u011b 90 kg<\/li>\n<li><b>Funguje s libovoln\u00fdm stativem nebo L-bracket<\/b> Kotvi\u010dky Anchor lze pou\u017e\u00edt s libovolnou stativovou desti\u010dkou, L-bracket a samoz\u0159ejm\u011b v\u0161emi Peak Design desti\u010dkami.<\/li>\n<li><b>Anchor Mount<\/b> Nov\u00fd miniaturn\u00ed adapt\u00e9r pro stativov\u00fd z\u00e1vit pro p\u0159ipevn\u011bn\u00ed na spodn\u00ed \u010d\u00e1st fotoapar\u00e1tu umo\u017e\u0148uje v\u00edce zp\u016fsob\u016f no\u0161en\u00ed fotoapar\u00e1tu.<\/li>\n<li><b>Nov\u00fd \u00faplet<\/b> Kvalitn\u011bj\u0161\u00ed popruh z nov\u00e9ho hlad\u0161\u00edho a odoln\u011bj\u0161\u00edho nylonov\u00e9ho materi\u00e1lu s pevn\u011bj\u0161\u00edm \u00fapletem.<\/li>\n<li><b>V\u011bt\u0161\u00ed p\u0159ilnavost<\/b> Nov\u00e1 konstrukce p\u0159ilnav\u00e9 strany se silikonem - v\u011bt\u0161\u00ed odolnost a lep\u0161\u00ed funkce.<\/li>\n<li><b>Vlisov\u00e1n\u00ed popruhu<\/b> V\u00fdrazn\u011b ni\u017e\u0161\u00ed profil d\u00edky vlisov\u00e1n\u00ed konce popruhy p\u0159\u00edmo do p\u0159ezky.<\/li>\n<\/ul><\/div>\n<div class='content-column one_half last_column'><h2>Video<\/h2>\n<p><iframe loading=\"lazy\" title=\"Peak Design Slide &amp; Slide Lite: Setup + Tips\" width=\"500\" height=\"281\" src=\"https:\/\/www.youtube.com\/embed\/ZOY03ICKvSI?feature=oembed&enablejsapi=1&origin=https:\/\/www.onefive.cz\" frameborder=\"0\" allow=\"accelerometer; autoplay; clipboard-write; encrypted-media; gyroscope; picture-in-picture; web-share\" referrerpolicy=\"strict-origin-when-cross-origin\" allowfullscreen><\/iframe><\/p>\n<h2 style=\"padding-top: 15px;\">Specifikace<\/h2>\n<ul style=\"padding-left: 15px; padding-bottom: 15px;\">\n<li><strong>Objednac\u00ed k\u00f3d<\/strong>: SL-BK-3 (Black), SL-AS-3 (Ash), SL-SG-3 (Sage), SL-BK-3 (Midnight Blue)<\/li>\n<li><strong>D\u00e9lka popruhu<\/strong>: 99 - 145cm<\/li>\n<li><strong>\u0160\u00ed\u0159ka popruhu<\/strong>: 45mm<\/li>\n<li><strong>Materi\u00e1l<\/strong>: Popruh: nylonov\u00fd \u00faplet, materi\u00e1l podobn\u00fd bezpe\u010dnostn\u00edmu p\u00e1su, p\u0159ezky z anodizovan\u00e9ho duralu a nylonu vyztu\u017een\u00e9ho skeln\u00fdmi vl\u00e1kny, detaily z materi\u00e1lu Hypalon\u00ae a k\u016f\u017ee (pouze u Ash verze). Spojky: nylon vyztu\u017een\u00fd skeln\u00fdmi vl\u00e1kny a pru\u017eina z nerezov\u00e9 oceli, dvouvrstv\u00e1 smy\u010dka s \u00fapletem zabra\u0148uj\u00edc\u00edm opot\u0159eben\u00ed, kotvi\u010dka z tvrzen\u00e9ho termoplastu Delrin.<\/li>\n<li><strong>Hmotnost<\/strong>: 148g<\/li>\n<li><strong>Velikost kotvi\u010dky<\/strong>: pr\u016fm\u011br hlavi\u010dky: 17 mm, d\u00e9lka smy\u010dky kotvi\u010dky: 43 mm<\/li>\n<li><strong>Velikost Anchor Mount<\/strong>: 30mm x 20 mm x 5 mm<\/li>\n<li><strong>Velikost ok pro popruh<\/strong>: Vhodn\u00e9 pro v\u0161echny Peak Design kotvi\u010dky a libovoln\u00e9 konce popruh\u016f do \u0161\u00ed\u0159e 13mm<\/li>\n<li><strong>Nosnost<\/strong>: nosnost ka\u017ed\u00e9 kotvi\u010dky Anchor se smy\u010dkou z materi\u00e1lu Dyneema\u00ae je minim\u00e1ln\u011b 90kg, tak\u017ee je Slide vhodn\u00fd i pro nejt\u011b\u017e\u0161\u00ed fotoapar\u00e1ty.<\/li>\n<li><strong>Z\u00e1ruka<\/strong>: Do\u017eivotn\u00ed<\/li>\n<\/ul>\n<h2>Obsah balen\u00ed<\/h2>\n<p><img decoding=\"async\" class=\"alignnone size-full wp-image-2539\" src=\"https:\/\/www.peakdesign.cz\/wp-content\/uploads\/2017\/12\/in-box-slide-2017.jpg\" alt=\"\" width=\"450\" \/><\/p>\n<ul>\n<li>1. 1x popruh Slide<\/li>\n<li>2. 1x Kl\u00ed\u010d imbus<\/li>\n<li>3. 4x Dyneema kotvi\u010dky Anchor (4. generace)<\/li>\n<li>4. 1x Anchor Mount<\/li>\n<li>5. 1x Pytl\u00edk z mikrovl\u00e1kna<\/li>\n<\/ul><\/div><div class='clear_column'><\/div>\n<p><a href=\"https:\/\/www.onefive.cz\/peakdesign\/wp-content\/uploads\/2017\/11\/DSC03121.jpg\"><img loading=\"lazy\" decoding=\"async\" class=\"alignnone size-large wp-image-112330\" src=\"https:\/\/www.onefive.cz\/peakdesign\/wp-content\/uploads\/2017\/11\/DSC03121-1500x1000.jpg\" alt=\"\" width=\"1500\" height=\"1000\" srcset=\"https:\/\/www.onefive.cz\/peakdesign\/wp-content\/uploads\/2017\/11\/DSC03121-1500x1000.jpg 1500w, https:\/\/www.onefive.cz\/peakdesign\/wp-content\/uploads\/2017\/11\/DSC03121-500x333.jpg 500w, https:\/\/www.onefive.cz\/peakdesign\/wp-content\/uploads\/2017\/11\/DSC03121-768x512.jpg 768w, https:\/\/www.onefive.cz\/peakdesign\/wp-content\/uploads\/2017\/11\/DSC03121-1536x1024.jpg 1536w, https:\/\/www.onefive.cz\/peakdesign\/wp-content\/uploads\/2017\/11\/DSC03121-24x16.jpg 24w, https:\/\/www.onefive.cz\/peakdesign\/wp-content\/uploads\/2017\/11\/DSC03121-36x24.jpg 36w, https:\/\/www.onefive.cz\/peakdesign\/wp-content\/uploads\/2017\/11\/DSC03121-48x32.jpg 48w, https:\/\/www.onefive.cz\/peakdesign\/wp-content\/uploads\/2017\/11\/DSC03121-450x300.jpg 450w, https:\/\/www.onefive.cz\/peakdesign\/wp-content\/uploads\/2017\/11\/DSC03121.jpg 2048w\" sizes=\"auto, (max-width: 1500px) 100vw, 1500px\" \/><\/a><\/p>\n","protected":false},"excerpt":{"rendered":"<p>Nejv\u0161estrann\u011bj\u0161\u00ed rychloup\u00ednac\u00ed popruh pro fotoapar\u00e1t na sv\u011bt\u011b. Slide lze pou\u017e\u00edt jako popruh kolem krku, p\u0159es hlavu nebo na rameni. Jedna strana popruhu s integrovan\u00fdm polstrov\u00e1n\u00edm je hladk\u00e1 a klou\u017ee po oble\u010den\u00ed (vhodn\u00e9 p\u0159i pou\u017eit\u00ed p\u0159es hlavu v re\u017eimu sling) a p\u0159ilnavou stranu zabra\u0148uj\u00edc\u00ed smeknut\u00ed (vhodn\u00e9 p\u0159i pou\u017eit\u00ed na rameni). D\u00e9lku lze jednodu\u0161e a rychle upravit dvojic\u00ed duralov\u00fdch p\u0159ezek. Rychl\u00e9 p\u0159ipojen\u00ed a odpojen\u00ed pomoc\u00ed na\u0161eho jedine\u010dn\u00e9ho syst\u00e9mu kotvi\u010dek Anchor Link. Dva body uchycen\u00ed poskytuj\u00ed v\u011bt\u0161\u00ed stabilitu ne\u017e tradi\u010dn\u00ed sling popruhy. Kotvi\u010dky Anchor lze nov\u011b pou\u017e\u00edt s libovolnou stativovou desti\u010dkou, L-bracket a samoz\u0159ejm\u011b v\u0161emi Peak Design desti\u010dkami.<\/p>\n<p>Novinky: nov\u00fd silikonov\u00fd grip, vylep\u0161en\u00e1 tkanina, ni\u017e\u0161\u00ed a pohodln\u011bj\u0161\u00ed spojen\u00ed p\u0159ezek a popruhu, ohebn\u011bj\u0161\u00ed integrovan\u00e9 polstrov\u00e1n\u00ed, men\u0161\u00ed spojky kotvi\u010dek a bezpe\u010dn\u011bj\u0161\u00ed a rychlej\u0161\u00ed p\u0159ipevn\u011bn\u00ed.<\/p>\n<p>Pro bezzrcadlovky m\u016f\u017ee b\u00fdt vhodn\u011bj\u0161\u00ed ten\u010d\u00ed <a href=\"https:\/\/www.onefive.cz\/peakdesign\/produkt\/slide-lite\/\">Slide Lite<\/a>.<\/p>\n","protected":false},"featured_media":126245,"template":"","meta":[],"product_brand":[],"product_cat":[18],"product_tag":[],"class_list":{"0":"post-695","1":"product","2":"type-product","3":"status-publish","4":"has-post-thumbnail","6":"product_cat-uncategorized","8":"first","9":"instock","10":"sale","11":"taxable","12":"shipping-taxable","13":"purchasable","14":"product-type-variable","15":"has-default-attributes"},"yoast_head":"<!-- This site is optimized with the Yoast SEO plugin v27.4 - https:\/\/yoast.com\/product\/yoast-seo-wordpress\/ -->\n<title>Slide - OneFive.cz - Prodejce Peak Design<\/title>\n<meta name=\"robots\" content=\"index, follow, max-snippet:-1, max-image-preview:large, max-video-preview:-1\" \/>\n<link rel=\"canonical\" href=\"https:\/\/www.onefive.cz\/peakdesign\/produkt\/slide\/\" \/>\n<meta property=\"og:locale\" content=\"cs_CZ\" \/>\n<meta property=\"og:type\" content=\"article\" \/>\n<meta property=\"og:title\" content=\"Slide - OneFive.cz - Prodejce Peak Design\" \/>\n<meta property=\"og:description\" content=\"Nejv\u0161estrann\u011bj\u0161\u00ed rychloup\u00ednac\u00ed popruh pro fotoapar\u00e1t na sv\u011bt\u011b. Slide lze pou\u017e\u00edt jako popruh kolem krku, p\u0159es hlavu nebo na rameni. Jedna strana popruhu s integrovan\u00fdm polstrov\u00e1n\u00edm je hladk\u00e1 a klou\u017ee po oble\u010den\u00ed (vhodn\u00e9 p\u0159i pou\u017eit\u00ed p\u0159es hlavu v re\u017eimu sling) a p\u0159ilnavou stranu zabra\u0148uj\u00edc\u00ed smeknut\u00ed (vhodn\u00e9 p\u0159i pou\u017eit\u00ed na rameni). D\u00e9lku lze jednodu\u0161e a rychle upravit dvojic\u00ed duralov\u00fdch p\u0159ezek. Rychl\u00e9 p\u0159ipojen\u00ed a odpojen\u00ed pomoc\u00ed na\u0161eho jedine\u010dn\u00e9ho syst\u00e9mu kotvi\u010dek Anchor Link. Dva body uchycen\u00ed poskytuj\u00ed v\u011bt\u0161\u00ed stabilitu ne\u017e tradi\u010dn\u00ed sling popruhy. Kotvi\u010dky Anchor lze nov\u011b pou\u017e\u00edt s libovolnou stativovou desti\u010dkou, L-bracket a samoz\u0159ejm\u011b v\u0161emi Peak Design desti\u010dkami.  Novinky: nov\u00fd silikonov\u00fd grip, vylep\u0161en\u00e1 tkanina, ni\u017e\u0161\u00ed a pohodln\u011bj\u0161\u00ed spojen\u00ed p\u0159ezek a popruhu, ohebn\u011bj\u0161\u00ed integrovan\u00e9 polstrov\u00e1n\u00ed, men\u0161\u00ed spojky kotvi\u010dek a bezpe\u010dn\u011bj\u0161\u00ed a rychlej\u0161\u00ed p\u0159ipevn\u011bn\u00ed.  Pro bezzrcadlovky m\u016f\u017ee b\u00fdt vhodn\u011bj\u0161\u00ed ten\u010d\u00ed Slide Lite.\" \/>\n<meta property=\"og:url\" content=\"https:\/\/www.onefive.cz\/peakdesign\/produkt\/slide\/\" \/>\n<meta property=\"og:site_name\" content=\"OneFive.cz - Prodejce Peak Design\" \/>\n<meta property=\"article:modified_time\" content=\"2026-04-17T03:36:19+00:00\" \/>\n<meta name=\"twitter:card\" content=\"summary_large_image\" \/>\n<meta name=\"twitter:image\" content=\"https:\/\/www.onefive.cz\/peakdesign\/wp-content\/uploads\/2025\/08\/Slide_TopDown_Kelp_Anchors.jpg\" \/>\n<meta name=\"twitter:label1\" content=\"Odhadovan\u00e1 doba \u010dten\u00ed\" \/>\n\t<meta name=\"twitter:data1\" content=\"4 minuty\" \/>\n<script type=\"application\/ld+json\" class=\"yoast-schema-graph\">{\"@context\":\"https:\\\/\\\/schema.org\",\"@graph\":[{\"@type\":\"WebPage\",\"@id\":\"https:\\\/\\\/www.onefive.cz\\\/peakdesign\\\/produkt\\\/slide\\\/\",\"url\":\"https:\\\/\\\/www.onefive.cz\\\/peakdesign\\\/produkt\\\/slide\\\/\",\"name\":\"Slide - OneFive.cz - Prodejce Peak Design\",\"isPartOf\":{\"@id\":\"https:\\\/\\\/www.onefive.cz\\\/peakdesign\\\/#website\"},\"primaryImageOfPage\":{\"@id\":\"https:\\\/\\\/www.onefive.cz\\\/peakdesign\\\/produkt\\\/slide\\\/#primaryimage\"},\"image\":{\"@id\":\"https:\\\/\\\/www.onefive.cz\\\/peakdesign\\\/produkt\\\/slide\\\/#primaryimage\"},\"thumbnailUrl\":\"https:\\\/\\\/www.onefive.cz\\\/peakdesign\\\/wp-content\\\/uploads\\\/2025\\\/08\\\/Slide_TopDown_Kelp_Anchors.jpg\",\"datePublished\":\"2017-11-05T10:41:02+00:00\",\"dateModified\":\"2026-04-17T03:36:19+00:00\",\"breadcrumb\":{\"@id\":\"https:\\\/\\\/www.onefive.cz\\\/peakdesign\\\/produkt\\\/slide\\\/#breadcrumb\"},\"inLanguage\":\"cs\",\"potentialAction\":[{\"@type\":\"ReadAction\",\"target\":[\"https:\\\/\\\/www.onefive.cz\\\/peakdesign\\\/produkt\\\/slide\\\/\"]}]},{\"@type\":\"ImageObject\",\"inLanguage\":\"cs\",\"@id\":\"https:\\\/\\\/www.onefive.cz\\\/peakdesign\\\/produkt\\\/slide\\\/#primaryimage\",\"url\":\"https:\\\/\\\/www.onefive.cz\\\/peakdesign\\\/wp-content\\\/uploads\\\/2025\\\/08\\\/Slide_TopDown_Kelp_Anchors.jpg\",\"contentUrl\":\"https:\\\/\\\/www.onefive.cz\\\/peakdesign\\\/wp-content\\\/uploads\\\/2025\\\/08\\\/Slide_TopDown_Kelp_Anchors.jpg\",\"width\":1280,\"height\":1280},{\"@type\":\"BreadcrumbList\",\"@id\":\"https:\\\/\\\/www.onefive.cz\\\/peakdesign\\\/produkt\\\/slide\\\/#breadcrumb\",\"itemListElement\":[{\"@type\":\"ListItem\",\"position\":1,\"name\":\"Dom\u016f\",\"item\":\"https:\\\/\\\/www.onefive.cz\\\/peakdesign\\\/\"},{\"@type\":\"ListItem\",\"position\":2,\"name\":\"Shop\",\"item\":\"https:\\\/\\\/www.onefive.cz\\\/peakdesign\\\/shop\\\/\"},{\"@type\":\"ListItem\",\"position\":3,\"name\":\"Slide\"}]},{\"@type\":\"WebSite\",\"@id\":\"https:\\\/\\\/www.onefive.cz\\\/peakdesign\\\/#website\",\"url\":\"https:\\\/\\\/www.onefive.cz\\\/peakdesign\\\/\",\"name\":\"OneFive.cz - Prodejce Peak Design\",\"description\":\"Kryty a dr\u017e\u00e1ky pro telefony, cestovn\u00ed a everyday batohy a ta\u0161ky, organiz\u00e9ry a fotop\u0159\u00edslu\u0161enstv\u00ed. Ultim\u00e1tn\u00ed v\u00fdbava pro ty, kte\u0159\u00ed vy\u017eaduj\u00ed to nejlep\u0161\u00ed.\",\"potentialAction\":[{\"@type\":\"SearchAction\",\"target\":{\"@type\":\"EntryPoint\",\"urlTemplate\":\"https:\\\/\\\/www.onefive.cz\\\/peakdesign\\\/?s={search_term_string}\"},\"query-input\":{\"@type\":\"PropertyValueSpecification\",\"valueRequired\":true,\"valueName\":\"search_term_string\"}}],\"inLanguage\":\"cs\"}]}<\/script>\n<!-- \/ Yoast SEO plugin. -->","yoast_head_json":{"title":"Slide - OneFive.cz - Prodejce Peak Design","robots":{"index":"index","follow":"follow","max-snippet":"max-snippet:-1","max-image-preview":"max-image-preview:large","max-video-preview":"max-video-preview:-1"},"canonical":"https:\/\/www.onefive.cz\/peakdesign\/produkt\/slide\/","og_locale":"cs_CZ","og_type":"article","og_title":"Slide - OneFive.cz - Prodejce Peak Design","og_description":"Nejv\u0161estrann\u011bj\u0161\u00ed rychloup\u00ednac\u00ed popruh pro fotoapar\u00e1t na sv\u011bt\u011b. Slide lze pou\u017e\u00edt jako popruh kolem krku, p\u0159es hlavu nebo na rameni. Jedna strana popruhu s integrovan\u00fdm polstrov\u00e1n\u00edm je hladk\u00e1 a klou\u017ee po oble\u010den\u00ed (vhodn\u00e9 p\u0159i pou\u017eit\u00ed p\u0159es hlavu v re\u017eimu sling) a p\u0159ilnavou stranu zabra\u0148uj\u00edc\u00ed smeknut\u00ed (vhodn\u00e9 p\u0159i pou\u017eit\u00ed na rameni). D\u00e9lku lze jednodu\u0161e a rychle upravit dvojic\u00ed duralov\u00fdch p\u0159ezek. Rychl\u00e9 p\u0159ipojen\u00ed a odpojen\u00ed pomoc\u00ed na\u0161eho jedine\u010dn\u00e9ho syst\u00e9mu kotvi\u010dek Anchor Link. Dva body uchycen\u00ed poskytuj\u00ed v\u011bt\u0161\u00ed stabilitu ne\u017e tradi\u010dn\u00ed sling popruhy. Kotvi\u010dky Anchor lze nov\u011b pou\u017e\u00edt s libovolnou stativovou desti\u010dkou, L-bracket a samoz\u0159ejm\u011b v\u0161emi Peak Design desti\u010dkami.  Novinky: nov\u00fd silikonov\u00fd grip, vylep\u0161en\u00e1 tkanina, ni\u017e\u0161\u00ed a pohodln\u011bj\u0161\u00ed spojen\u00ed p\u0159ezek a popruhu, ohebn\u011bj\u0161\u00ed integrovan\u00e9 polstrov\u00e1n\u00ed, men\u0161\u00ed spojky kotvi\u010dek a bezpe\u010dn\u011bj\u0161\u00ed a rychlej\u0161\u00ed p\u0159ipevn\u011bn\u00ed.  Pro bezzrcadlovky m\u016f\u017ee b\u00fdt vhodn\u011bj\u0161\u00ed ten\u010d\u00ed Slide Lite.","og_url":"https:\/\/www.onefive.cz\/peakdesign\/produkt\/slide\/","og_site_name":"OneFive.cz - Prodejce Peak Design","article_modified_time":"2026-04-17T03:36:19+00:00","twitter_card":"summary_large_image","twitter_image":"https:\/\/www.onefive.cz\/peakdesign\/wp-content\/uploads\/2025\/08\/Slide_TopDown_Kelp_Anchors.jpg","twitter_misc":{"Odhadovan\u00e1 doba \u010dten\u00ed":"4 minuty"},"schema":{"@context":"https:\/\/schema.org","@graph":[{"@type":"WebPage","@id":"https:\/\/www.onefive.cz\/peakdesign\/produkt\/slide\/","url":"https:\/\/www.onefive.cz\/peakdesign\/produkt\/slide\/","name":"Slide - OneFive.cz - Prodejce Peak Design","isPartOf":{"@id":"https:\/\/www.onefive.cz\/peakdesign\/#website"},"primaryImageOfPage":{"@id":"https:\/\/www.onefive.cz\/peakdesign\/produkt\/slide\/#primaryimage"},"image":{"@id":"https:\/\/www.onefive.cz\/peakdesign\/produkt\/slide\/#primaryimage"},"thumbnailUrl":"https:\/\/www.onefive.cz\/peakdesign\/wp-content\/uploads\/2025\/08\/Slide_TopDown_Kelp_Anchors.jpg","datePublished":"2017-11-05T10:41:02+00:00","dateModified":"2026-04-17T03:36:19+00:00","breadcrumb":{"@id":"https:\/\/www.onefive.cz\/peakdesign\/produkt\/slide\/#breadcrumb"},"inLanguage":"cs","potentialAction":[{"@type":"ReadAction","target":["https:\/\/www.onefive.cz\/peakdesign\/produkt\/slide\/"]}]},{"@type":"ImageObject","inLanguage":"cs","@id":"https:\/\/www.onefive.cz\/peakdesign\/produkt\/slide\/#primaryimage","url":"https:\/\/www.onefive.cz\/peakdesign\/wp-content\/uploads\/2025\/08\/Slide_TopDown_Kelp_Anchors.jpg","contentUrl":"https:\/\/www.onefive.cz\/peakdesign\/wp-content\/uploads\/2025\/08\/Slide_TopDown_Kelp_Anchors.jpg","width":1280,"height":1280},{"@type":"BreadcrumbList","@id":"https:\/\/www.onefive.cz\/peakdesign\/produkt\/slide\/#breadcrumb","itemListElement":[{"@type":"ListItem","position":1,"name":"Dom\u016f","item":"https:\/\/www.onefive.cz\/peakdesign\/"},{"@type":"ListItem","position":2,"name":"Shop","item":"https:\/\/www.onefive.cz\/peakdesign\/shop\/"},{"@type":"ListItem","position":3,"name":"Slide"}]},{"@type":"WebSite","@id":"https:\/\/www.onefive.cz\/peakdesign\/#website","url":"https:\/\/www.onefive.cz\/peakdesign\/","name":"OneFive.cz - Prodejce Peak Design","description":"Kryty a dr\u017e\u00e1ky pro telefony, cestovn\u00ed a everyday batohy a ta\u0161ky, organiz\u00e9ry a fotop\u0159\u00edslu\u0161enstv\u00ed. Ultim\u00e1tn\u00ed v\u00fdbava pro ty, kte\u0159\u00ed vy\u017eaduj\u00ed to nejlep\u0161\u00ed.","potentialAction":[{"@type":"SearchAction","target":{"@type":"EntryPoint","urlTemplate":"https:\/\/www.onefive.cz\/peakdesign\/?s={search_term_string}"},"query-input":{"@type":"PropertyValueSpecification","valueRequired":true,"valueName":"search_term_string"}}],"inLanguage":"cs"}]}},"_links":{"self":[{"href":"https:\/\/www.onefive.cz\/peakdesign\/wp-json\/wp\/v2\/product\/695","targetHints":{"allow":["GET"]}}],"collection":[{"href":"https:\/\/www.onefive.cz\/peakdesign\/wp-json\/wp\/v2\/product"}],"about":[{"href":"https:\/\/www.onefive.cz\/peakdesign\/wp-json\/wp\/v2\/types\/product"}],"wp:featuredmedia":[{"embeddable":true,"href":"https:\/\/www.onefive.cz\/peakdesign\/wp-json\/wp\/v2\/media\/126245"}],"wp:attachment":[{"href":"https:\/\/www.onefive.cz\/peakdesign\/wp-json\/wp\/v2\/media?parent=695"}],"wp:term":[{"taxonomy":"product_brand","embeddable":true,"href":"https:\/\/www.onefive.cz\/peakdesign\/wp-json\/wp\/v2\/product_brand?post=695"},{"taxonomy":"product_cat","embeddable":true,"href":"https:\/\/www.onefive.cz\/peakdesign\/wp-json\/wp\/v2\/product_cat?post=695"},{"taxonomy":"product_tag","embeddable":true,"href":"https:\/\/www.onefive.cz\/peakdesign\/wp-json\/wp\/v2\/product_tag?post=695"}],"curies":[{"name":"wp","href":"https:\/\/api.w.org\/{rel}","templated":true}]}}