{"id":77502,"date":"2020-02-22T12:31:58","date_gmt":"2020-02-22T11:31:58","guid":{"rendered":"https:\/\/www.peakdesign.cz\/?post_type=product&#038;p=77502"},"modified":"2026-05-05T01:36:28","modified_gmt":"2026-05-04T23:36:28","slug":"everyday-hip-belt","status":"publish","type":"product","link":"https:\/\/www.onefive.cz\/peakdesign\/produkt\/everyday-hip-belt\/","title":{"rendered":"Everyday Hip Belt"},"content":{"rendered":"<div class='content-column one_half'><h2>Hlavn\u00ed rysy<\/h2>\n<p>Detailn\u00ed popis p\u0159ipravujeme.<br \/><\/div>\n<div class='content-column one_half last_column'><h2>Specifikace<\/h2>\n<p><strong>EVERYDAY HIP BELT<\/strong><\/p>\n<h2>Obsah balen\u00ed<\/h2><\/div><div class='clear_column'><\/div>\n","protected":false},"excerpt":{"rendered":"<p>Polstrovan\u00fd bedern\u00ed popruh pro lep\u0161\u00ed rozd\u011blen\u00ed v\u00e1hy a stabilitu p\u0159i t\u011b\u017ek\u00e9 z\u00e1t\u011b\u017ei. Umo\u017e\u0148uje tak\u00e9 p\u0159ipevn\u011bn\u00ed <a href=\"https:\/\/www.onefive.cz\/peakdesign\/produkt\/capture\/\">Capture<\/a>. Pokud nen\u00ed pou\u017e\u00edv\u00e1n, lze jej schovat do bedern\u00ed \u010d\u00e1sti batohu nebo zcela odejmout. K batohu se p\u0159ipev\u0148uje pomoc\u00ed skryt\u00e9ho such\u00e9ho zipu v bedern\u00ed \u010d\u00e1sti batohu. Vhodn\u00fd pro <a href=\"https:\/\/www.onefive.cz\/peakdesign\/produkt\/everyday-backpack\/\">Everyday Backpack<\/a> a <a href=\"https:\/\/www.onefive.cz\/peakdesign\/produkt\/everyday-backpack-zip\/\">Everyday Backpack Zip<\/a><\/p>\n<p>.<\/p>\n<p><b>K dispozici ve dvou velikostech:<\/b><br \/>\n<span style=\"font-size: 13px;\">&gt; 29-52 (obvod pasu 74-132 cm)<br \/>\n&gt; 32-69 (obvod pasu 81-175 cm)<br \/>\n<\/span><\/p>\n","protected":false},"featured_media":120698,"template":"","meta":[],"product_brand":[],"product_cat":[18],"product_tag":[],"class_list":{"0":"post-77502","1":"product","2":"type-product","3":"status-publish","4":"has-post-thumbnail","6":"product_cat-uncategorized","8":"first","9":"instock","10":"sale","11":"taxable","12":"shipping-taxable","13":"purchasable","14":"product-type-variable"},"yoast_head":"<!-- This site is optimized with the Yoast SEO plugin v27.5 - https:\/\/yoast.com\/product\/yoast-seo-wordpress\/ -->\n<title>Everyday Hip Belt - OneFive.cz - Prodejce Peak Design<\/title>\n<meta name=\"robots\" content=\"index, follow, max-snippet:-1, max-image-preview:large, max-video-preview:-1\" \/>\n<link rel=\"canonical\" href=\"https:\/\/www.onefive.cz\/peakdesign\/produkt\/everyday-hip-belt\/\" \/>\n<meta property=\"og:locale\" content=\"cs_CZ\" \/>\n<meta property=\"og:type\" content=\"article\" \/>\n<meta property=\"og:title\" content=\"Everyday Hip Belt - OneFive.cz - Prodejce Peak Design\" \/>\n<meta property=\"og:description\" content=\"Polstrovan\u00fd bedern\u00ed popruh pro lep\u0161\u00ed rozd\u011blen\u00ed v\u00e1hy a stabilitu p\u0159i t\u011b\u017ek\u00e9 z\u00e1t\u011b\u017ei. Umo\u017e\u0148uje tak\u00e9 p\u0159ipevn\u011bn\u00ed Capture. Pokud nen\u00ed pou\u017e\u00edv\u00e1n, lze jej schovat do bedern\u00ed \u010d\u00e1sti batohu nebo zcela odejmout. K batohu se p\u0159ipev\u0148uje pomoc\u00ed skryt\u00e9ho such\u00e9ho zipu v bedern\u00ed \u010d\u00e1sti batohu. Vhodn\u00fd pro Everyday Backpack a Everyday Backpack Zip  .  K dispozici ve dvou velikostech: &gt; 29-52 (obvod pasu 74-132 cm) &gt; 32-69 (obvod pasu 81-175 cm)\" \/>\n<meta property=\"og:url\" content=\"https:\/\/www.onefive.cz\/peakdesign\/produkt\/everyday-hip-belt\/\" \/>\n<meta property=\"og:site_name\" content=\"OneFive.cz - Prodejce Peak Design\" \/>\n<meta property=\"article:modified_time\" content=\"2026-05-04T23:36:28+00:00\" \/>\n<meta property=\"og:image\" content=\"https:\/\/www.onefive.cz\/peakdesign\/wp-content\/uploads\/2020\/02\/ED-hipbelt.jpg\" \/>\n\t<meta property=\"og:image:width\" content=\"1428\" \/>\n\t<meta property=\"og:image:height\" content=\"1428\" \/>\n\t<meta property=\"og:image:type\" content=\"image\/jpeg\" \/>\n<meta name=\"twitter:card\" content=\"summary_large_image\" \/>\n<meta name=\"twitter:label1\" content=\"Odhadovan\u00e1 doba \u010dten\u00ed\" \/>\n\t<meta name=\"twitter:data1\" content=\"1 minuta\" \/>\n<script type=\"application\/ld+json\" class=\"yoast-schema-graph\">{\"@context\":\"https:\\\/\\\/schema.org\",\"@graph\":[{\"@type\":\"WebPage\",\"@id\":\"https:\\\/\\\/www.onefive.cz\\\/peakdesign\\\/produkt\\\/everyday-hip-belt\\\/\",\"url\":\"https:\\\/\\\/www.onefive.cz\\\/peakdesign\\\/produkt\\\/everyday-hip-belt\\\/\",\"name\":\"Everyday Hip Belt - OneFive.cz - Prodejce Peak Design\",\"isPartOf\":{\"@id\":\"https:\\\/\\\/www.onefive.cz\\\/peakdesign\\\/#website\"},\"primaryImageOfPage\":{\"@id\":\"https:\\\/\\\/www.onefive.cz\\\/peakdesign\\\/produkt\\\/everyday-hip-belt\\\/#primaryimage\"},\"image\":{\"@id\":\"https:\\\/\\\/www.onefive.cz\\\/peakdesign\\\/produkt\\\/everyday-hip-belt\\\/#primaryimage\"},\"thumbnailUrl\":\"https:\\\/\\\/www.onefive.cz\\\/peakdesign\\\/wp-content\\\/uploads\\\/2020\\\/02\\\/ED-hipbelt.jpg\",\"datePublished\":\"2020-02-22T11:31:58+00:00\",\"dateModified\":\"2026-05-04T23:36:28+00:00\",\"breadcrumb\":{\"@id\":\"https:\\\/\\\/www.onefive.cz\\\/peakdesign\\\/produkt\\\/everyday-hip-belt\\\/#breadcrumb\"},\"inLanguage\":\"cs\",\"potentialAction\":[{\"@type\":\"ReadAction\",\"target\":[\"https:\\\/\\\/www.onefive.cz\\\/peakdesign\\\/produkt\\\/everyday-hip-belt\\\/\"]}]},{\"@type\":\"ImageObject\",\"inLanguage\":\"cs\",\"@id\":\"https:\\\/\\\/www.onefive.cz\\\/peakdesign\\\/produkt\\\/everyday-hip-belt\\\/#primaryimage\",\"url\":\"https:\\\/\\\/www.onefive.cz\\\/peakdesign\\\/wp-content\\\/uploads\\\/2020\\\/02\\\/ED-hipbelt.jpg\",\"contentUrl\":\"https:\\\/\\\/www.onefive.cz\\\/peakdesign\\\/wp-content\\\/uploads\\\/2020\\\/02\\\/ED-hipbelt.jpg\",\"width\":1428,\"height\":1428},{\"@type\":\"BreadcrumbList\",\"@id\":\"https:\\\/\\\/www.onefive.cz\\\/peakdesign\\\/produkt\\\/everyday-hip-belt\\\/#breadcrumb\",\"itemListElement\":[{\"@type\":\"ListItem\",\"position\":1,\"name\":\"Dom\u016f\",\"item\":\"https:\\\/\\\/www.onefive.cz\\\/peakdesign\\\/\"},{\"@type\":\"ListItem\",\"position\":2,\"name\":\"Shop\",\"item\":\"https:\\\/\\\/www.onefive.cz\\\/peakdesign\\\/shop\\\/\"},{\"@type\":\"ListItem\",\"position\":3,\"name\":\"Everyday Hip Belt\"}]},{\"@type\":\"WebSite\",\"@id\":\"https:\\\/\\\/www.onefive.cz\\\/peakdesign\\\/#website\",\"url\":\"https:\\\/\\\/www.onefive.cz\\\/peakdesign\\\/\",\"name\":\"OneFive.cz - Prodejce Peak Design\",\"description\":\"Kryty a dr\u017e\u00e1ky pro telefony, cestovn\u00ed a everyday batohy a ta\u0161ky, organiz\u00e9ry a fotop\u0159\u00edslu\u0161enstv\u00ed. Ultim\u00e1tn\u00ed v\u00fdbava pro ty, kte\u0159\u00ed vy\u017eaduj\u00ed to nejlep\u0161\u00ed.\",\"potentialAction\":[{\"@type\":\"SearchAction\",\"target\":{\"@type\":\"EntryPoint\",\"urlTemplate\":\"https:\\\/\\\/www.onefive.cz\\\/peakdesign\\\/?s={search_term_string}\"},\"query-input\":{\"@type\":\"PropertyValueSpecification\",\"valueRequired\":true,\"valueName\":\"search_term_string\"}}],\"inLanguage\":\"cs\"}]}<\/script>\n<!-- \/ Yoast SEO plugin. -->","yoast_head_json":{"title":"Everyday Hip Belt - OneFive.cz - Prodejce Peak Design","robots":{"index":"index","follow":"follow","max-snippet":"max-snippet:-1","max-image-preview":"max-image-preview:large","max-video-preview":"max-video-preview:-1"},"canonical":"https:\/\/www.onefive.cz\/peakdesign\/produkt\/everyday-hip-belt\/","og_locale":"cs_CZ","og_type":"article","og_title":"Everyday Hip Belt - OneFive.cz - Prodejce Peak Design","og_description":"Polstrovan\u00fd bedern\u00ed popruh pro lep\u0161\u00ed rozd\u011blen\u00ed v\u00e1hy a stabilitu p\u0159i t\u011b\u017ek\u00e9 z\u00e1t\u011b\u017ei. Umo\u017e\u0148uje tak\u00e9 p\u0159ipevn\u011bn\u00ed Capture. Pokud nen\u00ed pou\u017e\u00edv\u00e1n, lze jej schovat do bedern\u00ed \u010d\u00e1sti batohu nebo zcela odejmout. K batohu se p\u0159ipev\u0148uje pomoc\u00ed skryt\u00e9ho such\u00e9ho zipu v bedern\u00ed \u010d\u00e1sti batohu. Vhodn\u00fd pro Everyday Backpack a Everyday Backpack Zip  .  K dispozici ve dvou velikostech: &gt; 29-52 (obvod pasu 74-132 cm) &gt; 32-69 (obvod pasu 81-175 cm)","og_url":"https:\/\/www.onefive.cz\/peakdesign\/produkt\/everyday-hip-belt\/","og_site_name":"OneFive.cz - Prodejce Peak Design","article_modified_time":"2026-05-04T23:36:28+00:00","og_image":[{"width":1428,"height":1428,"url":"https:\/\/www.onefive.cz\/peakdesign\/wp-content\/uploads\/2020\/02\/ED-hipbelt.jpg","type":"image\/jpeg"}],"twitter_card":"summary_large_image","twitter_misc":{"Odhadovan\u00e1 doba \u010dten\u00ed":"1 minuta"},"schema":{"@context":"https:\/\/schema.org","@graph":[{"@type":"WebPage","@id":"https:\/\/www.onefive.cz\/peakdesign\/produkt\/everyday-hip-belt\/","url":"https:\/\/www.onefive.cz\/peakdesign\/produkt\/everyday-hip-belt\/","name":"Everyday Hip Belt - OneFive.cz - Prodejce Peak Design","isPartOf":{"@id":"https:\/\/www.onefive.cz\/peakdesign\/#website"},"primaryImageOfPage":{"@id":"https:\/\/www.onefive.cz\/peakdesign\/produkt\/everyday-hip-belt\/#primaryimage"},"image":{"@id":"https:\/\/www.onefive.cz\/peakdesign\/produkt\/everyday-hip-belt\/#primaryimage"},"thumbnailUrl":"https:\/\/www.onefive.cz\/peakdesign\/wp-content\/uploads\/2020\/02\/ED-hipbelt.jpg","datePublished":"2020-02-22T11:31:58+00:00","dateModified":"2026-05-04T23:36:28+00:00","breadcrumb":{"@id":"https:\/\/www.onefive.cz\/peakdesign\/produkt\/everyday-hip-belt\/#breadcrumb"},"inLanguage":"cs","potentialAction":[{"@type":"ReadAction","target":["https:\/\/www.onefive.cz\/peakdesign\/produkt\/everyday-hip-belt\/"]}]},{"@type":"ImageObject","inLanguage":"cs","@id":"https:\/\/www.onefive.cz\/peakdesign\/produkt\/everyday-hip-belt\/#primaryimage","url":"https:\/\/www.onefive.cz\/peakdesign\/wp-content\/uploads\/2020\/02\/ED-hipbelt.jpg","contentUrl":"https:\/\/www.onefive.cz\/peakdesign\/wp-content\/uploads\/2020\/02\/ED-hipbelt.jpg","width":1428,"height":1428},{"@type":"BreadcrumbList","@id":"https:\/\/www.onefive.cz\/peakdesign\/produkt\/everyday-hip-belt\/#breadcrumb","itemListElement":[{"@type":"ListItem","position":1,"name":"Dom\u016f","item":"https:\/\/www.onefive.cz\/peakdesign\/"},{"@type":"ListItem","position":2,"name":"Shop","item":"https:\/\/www.onefive.cz\/peakdesign\/shop\/"},{"@type":"ListItem","position":3,"name":"Everyday Hip Belt"}]},{"@type":"WebSite","@id":"https:\/\/www.onefive.cz\/peakdesign\/#website","url":"https:\/\/www.onefive.cz\/peakdesign\/","name":"OneFive.cz - Prodejce Peak Design","description":"Kryty a dr\u017e\u00e1ky pro telefony, cestovn\u00ed a everyday batohy a ta\u0161ky, organiz\u00e9ry a fotop\u0159\u00edslu\u0161enstv\u00ed. Ultim\u00e1tn\u00ed v\u00fdbava pro ty, kte\u0159\u00ed vy\u017eaduj\u00ed to nejlep\u0161\u00ed.","potentialAction":[{"@type":"SearchAction","target":{"@type":"EntryPoint","urlTemplate":"https:\/\/www.onefive.cz\/peakdesign\/?s={search_term_string}"},"query-input":{"@type":"PropertyValueSpecification","valueRequired":true,"valueName":"search_term_string"}}],"inLanguage":"cs"}]}},"_links":{"self":[{"href":"https:\/\/www.onefive.cz\/peakdesign\/wp-json\/wp\/v2\/product\/77502","targetHints":{"allow":["GET"]}}],"collection":[{"href":"https:\/\/www.onefive.cz\/peakdesign\/wp-json\/wp\/v2\/product"}],"about":[{"href":"https:\/\/www.onefive.cz\/peakdesign\/wp-json\/wp\/v2\/types\/product"}],"wp:featuredmedia":[{"embeddable":true,"href":"https:\/\/www.onefive.cz\/peakdesign\/wp-json\/wp\/v2\/media\/120698"}],"wp:attachment":[{"href":"https:\/\/www.onefive.cz\/peakdesign\/wp-json\/wp\/v2\/media?parent=77502"}],"wp:term":[{"taxonomy":"product_brand","embeddable":true,"href":"https:\/\/www.onefive.cz\/peakdesign\/wp-json\/wp\/v2\/product_brand?post=77502"},{"taxonomy":"product_cat","embeddable":true,"href":"https:\/\/www.onefive.cz\/peakdesign\/wp-json\/wp\/v2\/product_cat?post=77502"},{"taxonomy":"product_tag","embeddable":true,"href":"https:\/\/www.onefive.cz\/peakdesign\/wp-json\/wp\/v2\/product_tag?post=77502"}],"curies":[{"name":"wp","href":"https:\/\/api.w.org\/{rel}","templated":true}]}}